{"id":21570,"date":"2023-10-05T22:27:09","date_gmt":"2023-10-06T02:27:09","guid":{"rendered":"https:\/\/preprod-affichage.carrieresante.gouv.qc.ca\/11045135\/?page_id=21570"},"modified":"2025-05-02T16:38:12","modified_gmt":"2025-05-02T20:38:12","slug":"gestion","status":"publish","type":"page","link":"https:\/\/preprod-affichage.carrieresante.gouv.qc.ca\/11045119\/gestion\/","title":{"rendered":"Gestion et encadrement"},"content":{"rendered":"<div class=\"wpb-content-wrapper\">[vc_row full_width=\u00a0\u00bbstretch_row\u00a0\u00bb][vc_column]\n\t\t\t<section class=\" imagebg\" >\n\t\t\t\t<div class=\"background-image-holder\">\n\t\t\t\t\t<img loading=\"lazy\" decoding=\"async\" width=\"2400\" height=\"600\" src=\"https:\/\/preprod-affichage.carrieresante.gouv.qc.ca\/11045119\/wp-content\/uploads\/2025\/04\/photo-gestion-paysage.png\" class=\"attachment-full size-full\" alt=\"\" srcset=\"https:\/\/preprod-affichage.carrieresante.gouv.qc.ca\/11045119\/wp-content\/uploads\/2025\/04\/photo-gestion-paysage.png 2400w, https:\/\/preprod-affichage.carrieresante.gouv.qc.ca\/11045119\/wp-content\/uploads\/2025\/04\/photo-gestion-paysage-300x75.png 300w, https:\/\/preprod-affichage.carrieresante.gouv.qc.ca\/11045119\/wp-content\/uploads\/2025\/04\/photo-gestion-paysage-1024x256.png 1024w, https:\/\/preprod-affichage.carrieresante.gouv.qc.ca\/11045119\/wp-content\/uploads\/2025\/04\/photo-gestion-paysage-768x192.png 768w, https:\/\/preprod-affichage.carrieresante.gouv.qc.ca\/11045119\/wp-content\/uploads\/2025\/04\/photo-gestion-paysage-1536x384.png 1536w, https:\/\/preprod-affichage.carrieresante.gouv.qc.ca\/11045119\/wp-content\/uploads\/2025\/04\/photo-gestion-paysage-2048x512.png 2048w\" sizes=\"auto, (max-width: 2400px) 100vw, 2400px\" \/>\n\t\t\t\t<\/div>\n\t\t\t\t<div class=\"container\">\n\t\t\t\t\t<div class=\"row\">\n\t\t\t\t\t\t<div class=\"col-sm-7 col-md-5\">\n\t\t\t\t\t\t\t<div class=\"boxed boxed--lg border--round bg--white\">\n\t\t\t\t\t\t\t\t<div class=\"col-md-10 col-md-offset-1 col-sm-12\">\n\t\t\t\t\t\t\t\t\t[vc_column_text css=\u00a0\u00bb.vc_custom_1746218429936{padding-left: 15% !important;}\u00a0\u00bb el_class=\u00a0\u00bbcat-hero-text\u00a0\u00bb]<span class=\"cat-hero-s-text\">Trouve ta place<\/span><br \/>\n<span class=\"cat-hero-b-text\">Gestion et<br \/>\nencadrement<\/span>[\/vc_column_text]\n\t\t\t\t\t\t\t\t<\/div>\n\t\t\t\t\t\t\t<\/div>\n\t\t\t\t\t\t<\/div>\n\t\t\t\t\t<\/div><!--end of row-->\n\t\t\t\t<\/div><!--end of container-->\n\t\t\t\t\n\t\t\t<\/section>\n\t\t[\/vc_column][\/vc_row][vc_row css=\u00a0\u00bb.vc_custom_1745431969199{margin-top: 20px !important;margin-bottom: 20px !important;}\u00a0\u00bb el_class=\u00a0\u00bbliste-jobs-tout\u00a0\u00bb][vc_column][vc_column_text css_animation=\u00a0\u00bbnone\u00a0\u00bb css=\u00a0\u00bb.vc_custom_1745606111325{margin-bottom: 0px !important;padding-top: 20px !important;padding-bottom: 0px !important;}\u00a0\u00bb]\n<h2>Affiner les r\u00e9sultats<\/h2>\n<div class=\"jobs-tout\"><div class=\"job_listings\" data-location=\"\" data-keywords=\"\" data-show_filters=\"true\" data-show_pagination=\"false\" data-per_page=\"10\" data-orderby=\"date\" data-order=\"DESC\" data-categories=\"Gestion et encadrement\" data-disable-form-state-storage=\"\" data-featured_first=\"false\" data-remote_position=\"false\" data-post_id=\"21570\" >\n<form class=\"job_filters\">\n\t    <div class=\"location-n-cat\">\n\t<div class=\"search_jobs\">\n\t\t        <div class=\"location-n-cat\">\n\n\t\t<div class=\"search_keywords\">\n\t\t\t<label for=\"search_keywords\">Mots-cl\u00e9s<\/label>\n\t\t\t<input type=\"text\" name=\"search_keywords\" id=\"search_keywords\" placeholder=\"Mots-cl\u00e9s\" value=\"\" \/>\n\t\t<\/div>\n\n\t\t<div class=\"search_location\">\n    \t\t<label for=\"search_location\">Localisation<\/label>\n    \t\t<select name=\"search_location\" id=\"search_location\">\n       \t\t<option value=\"\">Choisir un lieu<\/option>\n\t\t\t   <option value=\"MRC de Rimouski-Neigette\">MRC de Rimouski-Neigette<\/option>\n\t\t\t\t<option value=\"MRC du T\u00e9miscouata\">MRC du T\u00e9miscouata<\/option>\n\t\t\t\t<option value=\"MRC de Rivi\u00e8re-du-Loup\">MRC de Rivi\u00e8re-du-Loup<\/option>\n\t\t\t\t<option value=\"MRC de la Mitis\">MRC de la Mitis<\/option>\n\t\t\t\t<option value=\"MRC de la Matap\u00e9dia\">MRC de la Matap\u00e9dia<\/option>\n\t\t\t\t<option value=\"MRC du Kamouraska\">MRC du Kamouraska<\/option>\n\t\t\t\t<option value=\"MRC de la Matanie\">MRC de la Matanie<\/option>\n\t\t\t\t<option value=\"MRC des Basques\">MRC des Basques<\/option>\n    \t\t<\/select>\n\t\t<\/div>\n\n\t\t\n\t\t<div style=\"clear: both\"><\/div>\n\n\t\t\t\t\t\t\t\t\t<input type=\"hidden\" name=\"search_categories[]\" value=\"gestion-et-encadrement\" \/>\n\t\t\t\t\t\t\t\t\t\t<\/div>\n\n\t\t\t\t\t<div class=\"search_submit\">\n\t\t\t\t<input type=\"submit\" value=\"Rechercher des offres d\u2019emploi\">\n\t\t\t<\/div>\n\t\t\n\t\t\t<\/div>\n\n\t\t<ul class=\"job_types\">\n\t\t\t\t\t<li><label for=\"job_type_temps-complet\" class=\"tc-temps-complet\"><input type=\"checkbox\" name=\"filter_job_type[]\" value=\"temps-complet\"  checked='checked' id=\"job_type_temps-complet\" \/> TC - Temps complet<\/label><\/li>\n\t\t\t\t\t<li><label for=\"job_type_temps-partiel-occasionnel\" class=\"tpo-temps-partiel-occasionnel\"><input type=\"checkbox\" name=\"filter_job_type[]\" value=\"temps-partiel-occasionnel\"  checked='checked' id=\"job_type_temps-partiel-occasionnel\" \/> TPO - Temps partiel occasionnel<\/label><\/li>\n\t\t\t\t\t<li><label for=\"job_type_temps-partiel-regulier\" class=\"tpr-temps-partiel-regulier\"><input type=\"checkbox\" name=\"filter_job_type[]\" value=\"temps-partiel-regulier\"  checked='checked' id=\"job_type_temps-partiel-regulier\" \/> TPR - Temps partiel r\u00e9gulier<\/label><\/li>\n\t\t\t<\/ul>\n\t<input type=\"hidden\" name=\"filter_job_type[]\" value=\"\" \/>\n<div class=\"showing_jobs\"><\/div><\/form>\n\n\n<noscript>Votre navigateur ne supporte pas JavaScript, ou bien JavaScript est d\u00e9sactiv\u00e9. JavaScript doit \u00eatre activ\u00e9 pour pouvoir visualiser des postes.<\/noscript><ul class=\"job_listings\">\n<\/ul>\n<a class=\"load_more_jobs\" href=\"#\" style=\"display:none;\"><strong>Afficher plus d\u2019offres<\/strong><\/a><dialog class=\"jm-dialog\" id=\"jm_add_alert_modal\">\n\t<div class=\"jm-dialog-open\">\n\t\t<div class=\"jm-dialog-backdrop\" onclick=\"jm_add_alert_modal.close()\"><\/div>\n\t\t<div class=\"jm-dialog-modal \" style=\"width: 500px;\">\n\t\t\t<div class=\"jm-dialog-modal-container\">\n\t\t\t\t<div class=\"jm-dialog-modal-content\">\n<div class=\"jm-notice has-actions has-header\" role=\"status\">\n\t\t\t<div class=\"jm-notice__header\">\n\t\t\t\t\t\t<div class=\"jm-notice__title\">Ajouter une alerte<\/div>\n\t\t<\/div>\n\t\t\t\t<div\n\t\t\tclass=\"jm-notice__message-wrap\">\n\t\t\t\t\t\t\t\t\t<div\n\t\t\t\tclass=\"jm-notice__message  \">Connectez-vous ou cr\u00e9ez un compte pour poursuivre.<\/div>\n\t\t<\/div>\n\t\t\t\t\t<div class=\"jm-notice__footer\">\n\t\t\t<div class=\"jm-ui-actions-row\"><a class=\"jm-ui-button \" href=\"https:\/\/preprod-affichage.carrieresante.gouv.qc.ca\/11045119\/wp-login.php?redirect_to=https%3A%2F%2Fpreprod-affichage.carrieresante.gouv.qc.ca%2F11045119%2Fgestion%2F\"><span>Connexion<\/span><\/a><a class=\"jm-ui-button--outline \" href=\"https:\/\/preprod-affichage.carrieresante.gouv.qc.ca\/11045119\/wp-login.php?action=register\"><span>Cr\u00e9er un compte<\/span><\/a><\/div>\t\t<\/div>\n\t<\/div>\n<\/div>\n\t\t\t\t<a href=\"#\" role=\"button\" class=\"jm-ui-button--icon jm-dialog-close\" onclick=\"jm_add_alert_modal.close();  event.preventDefault();\" aria-label=\"Close\"><span class=\"jm-ui-button__icon\"><\/span><\/a>\n\t\t\t<\/div>\n\t\t<\/div>\n\t<\/div>\n<\/dialog><\/div><\/div>\n[\/vc_column_text][vc_empty_space][\/vc_column][\/vc_row][vc_row full_width=\u00a0\u00bbstretch_row\u00a0\u00bb css=\u00a0\u00bb.vc_custom_1746027799286{margin-bottom: 0px !important;padding-top: 30px !important;padding-bottom: 30px !important;background-color: #F6F7F9 !important;}\u00a0\u00bb el_class=\u00a0\u00bbtemoignage-section\u00a0\u00bb][vc_column css=\u00a0\u00bb.vc_custom_1744836590057{margin-top: 30px !important;margin-bottom: 30px !important;}\u00a0\u00bb][vc_column_text css=\u00a0\u00bb\u00a0\u00bb]<div class=\"wpb-content-wrapper\">[vc_row][vc_column width=\u00a0\u00bb1\/2&Prime;][vc_column_text css=\u00a0\u00bb\u00a0\u00bb]<iframe loading=\"lazy\" title=\"YouTube video player\" src=\"https:\/\/www.youtube-nocookie.com\/embed\/BFL0Wro7FMg?si=tzrj1oxMUFhRiy8K&amp;controls=0&amp;showinfo=0&amp;autoplay=0&amp;rel=0\" width=\"560\" height=\"315\" frameborder=\"0\" allowfullscreen=\"allowfullscreen\"><\/iframe>[\/vc_column_text][\/vc_column][vc_column width=\u00a0\u00bb1\/2&Prime;][vc_column_text css=\u00a0\u00bb\u00a0\u00bb]\n<h2>Pourquoi choisir le<br \/>\nCISSS du Bas-Saint-Laurent?<\/h2>\n[\/vc_column_text][vc_raw_html css=\u00a0\u00bb\u00a0\u00bb]JTNDdWwlMjBjbGFzcyUzRCUyMmN1c3RvbS1jaGVja2xpc3QlMjIlM0UlMEQlMEElMjAlMjAlMjAlMjAlM0NsaSUzRSUwRCUwQSUyMCUyMCUyMCUyMCUyMCUyMCUzQ3NwYW4lMjBjbGFzcyUzRCUyMmNoZWNrLWljb24lMjIlM0UlMEQlMEElMjAlMjAlMjAlMjAlMjAlMjAlMjAlMjAlM0NzdmclMjB4bWxucyUzRCUyMmh0dHAlM0ElMkYlMkZ3d3cudzMub3JnJTJGMjAwMCUyRnN2ZyUyMiUyMHdpZHRoJTNEJTIyMjYuNjQ1JTIyJTIwaGVpZ2h0JTNEJTIyMjYuNjQ1JTIyJTIwdmlld0JveCUzRCUyMjAlMjAwJTIwMjYuNjQ1JTIwMjYuNjQ1JTIyJTNFJTBEJTBBJTIwJTIwJTIwJTIwJTIwJTIwJTIwJTIwJTIwJTIwJTNDZGVmcyUzRSUwRCUwQSUyMCUyMCUyMCUyMCUyMCUyMCUyMCUyMCUyMCUyMCUyMCUyMCUzQ2NsaXBQYXRoJTIwaWQlM0QlMjJjbGlwLXBhdGglMjIlM0UlMEQlMEElMjAlMjAlMjAlMjAlMjAlMjAlMjAlMjAlMjAlMjAlMjAlMjAlMjAlMjAlM0NyZWN0JTIwd2lkdGglM0QlMjIyNi42NDUlMjIlMjBoZWlnaHQlM0QlMjIyNi42NDUlMjIlMjBmaWxsJTNEJTIyJTIzNjBiNGIzJTIyJTJGJTNFJTBEJTBBJTIwJTIwJTIwJTIwJTIwJTIwJTIwJTIwJTIwJTIwJTIwJTIwJTNDJTJGY2xpcFBhdGglM0UlMEQlMEElMjAlMjAlMjAlMjAlMjAlMjAlMjAlMjAlMjAlMjAlM0MlMkZkZWZzJTNFJTBEJTBBJTIwJTIwJTIwJTIwJTIwJTIwJTIwJTIwJTIwJTIwJTNDZyUyMGNsaXAtcGF0aCUzRCUyMnVybCUyOCUyM2NsaXAtcGF0aCUyOSUyMiUzRSUwRCUwQSUyMCUyMCUyMCUyMCUyMCUyMCUyMCUyMCUyMCUyMCUyMCUyMCUzQ3BhdGglMjBkJTNEJTIyTTIuODU1JTJDMjYuNjQ1QTIuODU2JTJDMi44NTYlMkMwJTJDMCUyQzElMkMwJTJDMjMuNzlWMi44NTVBMi44NTYlMkMyLjg1NiUyQzAlMkMwJTJDMSUyQzIuODU1JTJDMEgyMy43OWEyLjg1NiUyQzIuODU2JTJDMCUyQzAlMkMxJTJDMi44NTUlMkMyLjg1NVYyMy43OWEyLjg1NiUyQzIuODU2JTJDMCUyQzAlMkMxLTIuODU1JTJDMi44NTVaTTIyLjU2MiUyQzkuODY5YS45NTMuOTUzJTJDMCUyQzAlMkMwJTJDMC0xLjM0NUwyMS4yMTQlMkM3LjE3NmEuOTU2Ljk1NiUyQzAlMkMwJTJDMC0xLjM0NyUyQzBMMTAuOTQ1JTJDMTYuMSUyQzYuNzc4JTJDMTEuOTM0YS45NTMuOTUzJTJDMCUyQzAlMkMwLTEuMzQ1JTJDMEw0LjA4NSUyQzEzLjI4MmEuOTUzLjk1MyUyQzAlMkMwJTJDMCUyQzAlMkMxLjM0NWw2LjE4NCUyQzYuMTg3YS45NTkuOTU5JTJDMCUyQzAlMkMwJTJDMS4zNSUyQzBaJTIyJTIwZmlsbCUzRCUyMiUyMzYwYjRiMyUyMiUyRiUzRSUwRCUwQSUyMCUyMCUyMCUyMCUyMCUyMCUyMCUyMCUyMCUyMCUzQyUyRmclM0UlMEQlMEElMjAlMjAlMjAlMjAlMjAlMjAlMjAlMjAlM0MlMkZzdmclM0UlMEQlMEElMjAlMjAlMjAlMjAlMjAlMjAlM0MlMkZzcGFuJTNFJTBEJTBBJTIwJTIwJTIwJTIwJTIwJTIwVW4lMjBtaWxpZXUlMjBkeW5hbWlxdWUlMkMlMjBlbnJpY2hpc3NhbnQlMjBldCUyMHN0aW11bGFudCUwRCUwQSUyMCUyMCUyMCUyMCUzQyUyRmxpJTNFJTBEJTBBJTIwJTIwJTIwJTIwJTNDbGklM0UlMEQlMEElMjAlMjAlMjAlMjAlMjAlMjAlM0NzcGFuJTIwY2xhc3MlM0QlMjJjaGVjay1pY29uJTIyJTNFJTBEJTBBJTIwJTIwJTIwJTIwJTIwJTIwJTIwJTIwJTNDc3ZnJTIweG1sbnMlM0QlMjJodHRwJTNBJTJGJTJGd3d3LnczLm9yZyUyRjIwMDAlMkZzdmclMjIlMjB3aWR0aCUzRCUyMjI2LjY0NSUyMiUyMGhlaWdodCUzRCUyMjI2LjY0NSUyMiUyMHZpZXdCb3glM0QlMjIwJTIwMCUyMDI2LjY0NSUyMDI2LjY0NSUyMiUzRSUwRCUwQSUyMCUyMCUyMCUyMCUyMCUyMCUyMCUyMCUyMCUyMCUzQ2RlZnMlM0UlMEQlMEElMjAlMjAlMjAlMjAlMjAlMjAlMjAlMjAlMjAlMjAlMjAlMjAlM0NjbGlwUGF0aCUyMGlkJTNEJTIyY2xpcC1wYXRoJTIyJTNFJTBEJTBBJTIwJTIwJTIwJTIwJTIwJTIwJTIwJTIwJTIwJTIwJTIwJTIwJTIwJTIwJTNDcmVjdCUyMHdpZHRoJTNEJTIyMjYuNjQ1JTIyJTIwaGVpZ2h0JTNEJTIyMjYuNjQ1JTIyJTIwZmlsbCUzRCUyMiUyMzYwYjRiMyUyMiUyRiUzRSUwRCUwQSUyMCUyMCUyMCUyMCUyMCUyMCUyMCUyMCUyMCUyMCUyMCUyMCUzQyUyRmNsaXBQYXRoJTNFJTBEJTBBJTIwJTIwJTIwJTIwJTIwJTIwJTIwJTIwJTIwJTIwJTNDJTJGZGVmcyUzRSUwRCUwQSUyMCUyMCUyMCUyMCUyMCUyMCUyMCUyMCUyMCUyMCUzQ2clMjBjbGlwLXBhdGglM0QlMjJ1cmwlMjglMjNjbGlwLXBhdGglMjklMjIlM0UlMEQlMEElMjAlMjAlMjAlMjAlMjAlMjAlMjAlMjAlMjAlMjAlMjAlMjAlM0NwYXRoJTIwZCUzRCUyMk0yLjg1NSUyQzI2LjY0NUEyLjg1NiUyQzIuODU2JTJDMCUyQzAlMkMxJTJDMCUyQzIzLjc5VjIuODU1QTIuODU2JTJDMi44NTYlMkMwJTJDMCUyQzElMkMyLjg1NSUyQzBIMjMuNzlhMi44NTYlMkMyLjg1NiUyQzAlMkMwJTJDMSUyQzIuODU1JTJDMi44NTVWMjMuNzlhMi44NTYlMkMyLjg1NiUyQzAlMkMwJTJDMS0yLjg1NSUyQzIuODU1Wk0yMi41NjIlMkM5Ljg2OWEuOTUzLjk1MyUyQzAlMkMwJTJDMCUyQzAtMS4zNDVMMjEuMjE0JTJDNy4xNzZhLjk1Ni45NTYlMkMwJTJDMCUyQzAtMS4zNDclMkMwTDEwLjk0NSUyQzE2LjElMkM2Ljc3OCUyQzExLjkzNGEuOTUzLjk1MyUyQzAlMkMwJTJDMC0xLjM0NSUyQzBMNC4wODUlMkMxMy4yODJhLjk1My45NTMlMkMwJTJDMCUyQzAlMkMwJTJDMS4zNDVsNi4xODQlMkM2LjE4N2EuOTU5Ljk1OSUyQzAlMkMwJTJDMCUyQzEuMzUlMkMwWiUyMiUyMGZpbGwlM0QlMjIlMjM2MGI0YjMlMjIlMkYlM0UlMEQlMEElMjAlMjAlMjAlMjAlMjAlMjAlMjAlMjAlMjAlMjAlM0MlMkZnJTNFJTBEJTBBJTIwJTIwJTIwJTIwJTIwJTIwJTIwJTIwJTNDJTJGc3ZnJTNFJTBEJTBBJTIwJTIwJTIwJTIwJTIwJTIwJTNDJTJGc3BhbiUzRSUwRCUwQSUyMCUyMCUyMCUyMCUyMCUyMFVuZSUyMGV4cCVDMyVBOXJpZW5jZSUyMGRpdmVyc2lmaSVDMyVBOWUlMEQlMEElMjAlMjAlMjAlMjAlM0MlMkZsaSUzRSUwRCUwQSUyMCUyMCUyMCUyMCUzQ2xpJTNFJTBEJTBBJTIwJTIwJTIwJTIwJTIwJTIwJTNDc3BhbiUyMGNsYXNzJTNEJTIyY2hlY2staWNvbiUyMiUzRSUwRCUwQSUyMCUyMCUyMCUyMCUyMCUyMCUyMCUyMCUzQ3N2ZyUyMHhtbG5zJTNEJTIyaHR0cCUzQSUyRiUyRnd3dy53My5vcmclMkYyMDAwJTJGc3ZnJTIyJTIwd2lkdGglM0QlMjIyNi42NDUlMjIlMjBoZWlnaHQlM0QlMjIyNi42NDUlMjIlMjB2aWV3Qm94JTNEJTIyMCUyMDAlMjAyNi42NDUlMjAyNi42NDUlMjIlM0UlMEQlMEElMjAlMjAlMjAlMjAlMjAlMjAlMjAlMjAlMjAlMjAlM0NkZWZzJTNFJTBEJTBBJTIwJTIwJTIwJTIwJTIwJTIwJTIwJTIwJTIwJTIwJTIwJTIwJTNDY2xpcFBhdGglMjBpZCUzRCUyMmNsaXAtcGF0aCUyMiUzRSUwRCUwQSUyMCUyMCUyMCUyMCUyMCUyMCUyMCUyMCUyMCUyMCUyMCUyMCUyMCUyMCUzQ3JlY3QlMjB3aWR0aCUzRCUyMjI2LjY0NSUyMiUyMGhlaWdodCUzRCUyMjI2LjY0NSUyMiUyMGZpbGwlM0QlMjIlMjM2MGI0YjMlMjIlMkYlM0UlMEQlMEElMjAlMjAlMjAlMjAlMjAlMjAlMjAlMjAlMjAlMjAlMjAlMjAlM0MlMkZjbGlwUGF0aCUzRSUwRCUwQSUyMCUyMCUyMCUyMCUyMCUyMCUyMCUyMCUyMCUyMCUzQyUyRmRlZnMlM0UlMEQlMEElMjAlMjAlMjAlMjAlMjAlMjAlMjAlMjAlMjAlMjAlM0NnJTIwY2xpcC1wYXRoJTNEJTIydXJsJTI4JTIzY2xpcC1wYXRoJTI5JTIyJTNFJTBEJTBBJTIwJTIwJTIwJTIwJTIwJTIwJTIwJTIwJTIwJTIwJTIwJTIwJTNDcGF0aCUyMGQlM0QlMjJNMi44NTUlMkMyNi42NDVBMi44NTYlMkMyLjg1NiUyQzAlMkMwJTJDMSUyQzAlMkMyMy43OVYyLjg1NUEyLjg1NiUyQzIuODU2JTJDMCUyQzAlMkMxJTJDMi44NTUlMkMwSDIzLjc5YTIuODU2JTJDMi44NTYlMkMwJTJDMCUyQzElMkMyLjg1NSUyQzIuODU1VjIzLjc5YTIuODU2JTJDMi44NTYlMkMwJTJDMCUyQzEtMi44NTUlMkMyLjg1NVpNMjIuNTYyJTJDOS44NjlhLjk1My45NTMlMkMwJTJDMCUyQzAlMkMwLTEuMzQ1TDIxLjIxNCUyQzcuMTc2YS45NTYuOTU2JTJDMCUyQzAlMkMwLTEuMzQ3JTJDMEwxMC45NDUlMkMxNi4xJTJDNi43NzglMkMxMS45MzRhLjk1My45NTMlMkMwJTJDMCUyQzAtMS4zNDUlMkMwTDQuMDg1JTJDMTMuMjgyYS45NTMuOTUzJTJDMCUyQzAlMkMwJTJDMCUyQzEuMzQ1bDYuMTg0JTJDNi4xODdhLjk1OS45NTklMkMwJTJDMCUyQzAlMkMxLjM1JTJDMFolMjIlMjBmaWxsJTNEJTIyJTIzNjBiNGIzJTIyJTJGJTNFJTBEJTBBJTIwJTIwJTIwJTIwJTIwJTIwJTIwJTIwJTIwJTIwJTNDJTJGZyUzRSUwRCUwQSUyMCUyMCUyMCUyMCUyMCUyMCUyMCUyMCUzQyUyRnN2ZyUzRSUwRCUwQSUyMCUyMCUyMCUyMCUyMCUyMCUzQyUyRnNwYW4lM0UlMEQlMEElMjAlMjAlMjAlMjAlMjAlMjBVbiUyMHNhdm9pci1mYWlyZSUyMHBhcnRhZyVDMyVBOSUyMGVudHJlJTIwY29sbCVDMyVBOGd1ZXMlMEQlMEElMjAlMjAlMjAlMjAlM0MlMkZsaSUzRSUwRCUwQSUyMCUyMCUyMCUyMCUzQ2xpJTNFJTBEJTBBJTIwJTIwJTIwJTIwJTIwJTIwJTNDc3BhbiUyMGNsYXNzJTNEJTIyY2hlY2staWNvbiUyMiUzRSUwRCUwQSUyMCUyMCUyMCUyMCUyMCUyMCUyMCUyMCUzQ3N2ZyUyMHhtbG5zJTNEJTIyaHR0cCUzQSUyRiUyRnd3dy53My5vcmclMkYyMDAwJTJGc3ZnJTIyJTIwd2lkdGglM0QlMjIyNi42NDUlMjIlMjBoZWlnaHQlM0QlMjIyNi42NDUlMjIlMjB2aWV3Qm94JTNEJTIyMCUyMDAlMjAyNi42NDUlMjAyNi42NDUlMjIlM0UlMEQlMEElMjAlMjAlMjAlMjAlMjAlMjAlMjAlMjAlMjAlMjAlM0NkZWZzJTNFJTBEJTBBJTIwJTIwJTIwJTIwJTIwJTIwJTIwJTIwJTIwJTIwJTIwJTIwJTNDY2xpcFBhdGglMjBpZCUzRCUyMmNsaXAtcGF0aCUyMiUzRSUwRCUwQSUyMCUyMCUyMCUyMCUyMCUyMCUyMCUyMCUyMCUyMCUyMCUyMCUyMCUyMCUzQ3JlY3QlMjB3aWR0aCUzRCUyMjI2LjY0NSUyMiUyMGhlaWdodCUzRCUyMjI2LjY0NSUyMiUyMGZpbGwlM0QlMjIlMjM2MGI0YjMlMjIlMkYlM0UlMEQlMEElMjAlMjAlMjAlMjAlMjAlMjAlMjAlMjAlMjAlMjAlMjAlMjAlM0MlMkZjbGlwUGF0aCUzRSUwRCUwQSUyMCUyMCUyMCUyMCUyMCUyMCUyMCUyMCUyMCUyMCUzQyUyRmRlZnMlM0UlMEQlMEElMjAlMjAlMjAlMjAlMjAlMjAlMjAlMjAlMjAlMjAlM0NnJTIwY2xpcC1wYXRoJTNEJTIydXJsJTI4JTIzY2xpcC1wYXRoJTI5JTIyJTNFJTBEJTBBJTIwJTIwJTIwJTIwJTIwJTIwJTIwJTIwJTIwJTIwJTIwJTIwJTNDcGF0aCUyMGQlM0QlMjJNMi44NTUlMkMyNi42NDVBMi44NTYlMkMyLjg1NiUyQzAlMkMwJTJDMSUyQzAlMkMyMy43OVYyLjg1NUEyLjg1NiUyQzIuODU2JTJDMCUyQzAlMkMxJTJDMi44NTUlMkMwSDIzLjc5YTIuODU2JTJDMi44NTYlMkMwJTJDMCUyQzElMkMyLjg1NSUyQzIuODU1VjIzLjc5YTIuODU2JTJDMi44NTYlMkMwJTJDMCUyQzEtMi44NTUlMkMyLjg1NVpNMjIuNTYyJTJDOS44NjlhLjk1My45NTMlMkMwJTJDMCUyQzAlMkMwLTEuMzQ1TDIxLjIxNCUyQzcuMTc2YS45NTYuOTU2JTJDMCUyQzAlMkMwLTEuMzQ3JTJDMEwxMC45NDUlMkMxNi4xJTJDNi43NzglMkMxMS45MzRhLjk1My45NTMlMkMwJTJDMCUyQzAtMS4zNDUlMkMwTDQuMDg1JTJDMTMuMjgyYS45NTMuOTUzJTJDMCUyQzAlMkMwJTJDMCUyQzEuMzQ1bDYuMTg0JTJDNi4xODdhLjk1OS45NTklMkMwJTJDMCUyQzAlMkMxLjM1JTJDMFolMjIlMjBmaWxsJTNEJTIyJTIzNjBiNGIzJTIyJTJGJTNFJTBEJTBBJTIwJTIwJTIwJTIwJTIwJTIwJTIwJTIwJTIwJTIwJTNDJTJGZyUzRSUwRCUwQSUyMCUyMCUyMCUyMCUyMCUyMCUyMCUyMCUzQyUyRnN2ZyUzRSUwRCUwQSUyMCUyMCUyMCUyMCUyMCUyMCUzQyUyRnNwYW4lM0UlMEQlMEElMjAlMjAlMjAlMjAlMjAlMjBVbmUlMjByJUMzJUE5Z2lvbiUyMHBlcm1ldHRhbnQlMjBsYSUyMHByYXRpcXVlJTIwZGUlMjBzcG9ydHMlMjBkaXZlcnNpZmklQzMlQTlzJTJDJTNDYnIlM0UlMEQlMEElMjAlMjAlMjAlMjAlMjAlMjB0JUUyJTgwJTk5b2ZmcmFudCUyMHVuZSUyMGZvdWxlJTIwZGUlMjBzcGVjdGFjbGVzJTIwZXQlMjBkJUUyJTgwJTk5YWN0aXZpdCVDMyVBOXMlMjBjdWx0dXJlbGxlcyUwRCUwQSUyMCUyMCUyMCUyMCUzQyUyRmxpJTNFJTBEJTBBJTIwJTIwJTNDJTJGdWwlM0UlMEQlMEElMjAlMjA=[\/vc_raw_html][\/vc_column][\/vc_row]\n<\/div>[\/vc_column_text][\/vc_column][\/vc_row]\n<\/div>","protected":false},"excerpt":{"rendered":"Trouve ta place Gestion et encadrement Affiner les r\u00e9sultats Mots-cl\u00e9s Localisation Choisir un lieu MRC de Rimouski-Neigette MRC du T\u00e9miscouata MRC de...","protected":false},"author":4,"featured_media":0,"parent":0,"menu_order":0,"comment_status":"closed","ping_status":"closed","template":"","meta":{"footnotes":""},"class_list":["post-21570","page","type-page","status-publish","hentry"],"_links":{"self":[{"href":"https:\/\/preprod-affichage.carrieresante.gouv.qc.ca\/11045119\/wp-json\/wp\/v2\/pages\/21570","targetHints":{"allow":["GET"]}}],"collection":[{"href":"https:\/\/preprod-affichage.carrieresante.gouv.qc.ca\/11045119\/wp-json\/wp\/v2\/pages"}],"about":[{"href":"https:\/\/preprod-affichage.carrieresante.gouv.qc.ca\/11045119\/wp-json\/wp\/v2\/types\/page"}],"author":[{"embeddable":true,"href":"https:\/\/preprod-affichage.carrieresante.gouv.qc.ca\/11045119\/wp-json\/wp\/v2\/users\/4"}],"replies":[{"embeddable":true,"href":"https:\/\/preprod-affichage.carrieresante.gouv.qc.ca\/11045119\/wp-json\/wp\/v2\/comments?post=21570"}],"version-history":[{"count":16,"href":"https:\/\/preprod-affichage.carrieresante.gouv.qc.ca\/11045119\/wp-json\/wp\/v2\/pages\/21570\/revisions"}],"predecessor-version":[{"id":45390,"href":"https:\/\/preprod-affichage.carrieresante.gouv.qc.ca\/11045119\/wp-json\/wp\/v2\/pages\/21570\/revisions\/45390"}],"wp:attachment":[{"href":"https:\/\/preprod-affichage.carrieresante.gouv.qc.ca\/11045119\/wp-json\/wp\/v2\/media?parent=21570"}],"curies":[{"name":"wp","href":"https:\/\/api.w.org\/{rel}","templated":true}]}}