{"id":4123,"date":"2020-10-12T03:58:38","date_gmt":"2020-10-12T01:58:38","guid":{"rendered":"https:\/\/dotation514.makila.ai\/?page_id=4123"},"modified":"2024-02-12T14:13:54","modified_gmt":"2024-02-12T19:13:54","slug":"services-sociaux","status":"publish","type":"page","link":"https:\/\/preprod-affichage.carrieresante.gouv.qc.ca\/11045135\/services-sociaux\/","title":{"rendered":"Services sociaux"},"content":{"rendered":"<div class=\"wpb-content-wrapper\">[vc_row full_width=\u00a0\u00bbstretch_row\u00a0\u00bb equal_height=\u00a0\u00bbyes\u00a0\u00bb content_placement=\u00a0\u00bbmiddle\u00a0\u00bb css=\u00a0\u00bb.vc_custom_1694468776677{background-color: #87ceeb !important;}\u00a0\u00bb][vc_column width=\u00a0\u00bb1\/4&Prime; css=\u00a0\u00bb.vc_custom_1700860395567{margin-right: -5% !important;margin-left: -5% !important;padding-top: 50% !important;padding-bottom: 50% !important;background-image: url(https:\/\/preprod-affichage.carrieresante.gouv.qc.ca\/11045135\/wp-content\/uploads\/2023\/11\/Photo_services-sociaux_small.jpg?id=21736) !important;background-position: center !important;background-repeat: no-repeat !important;background-size: cover !important;}\u00a0\u00bb][\/vc_column][vc_column width=\u00a0\u00bb3\/4&Prime;][vc_column_text css=\u00a0\u00bb.vc_custom_1706025085920{padding-bottom: 2.5% !important;}\u00a0\u00bb]\n<div class=\"responsive-container\" style=\"display: flex; align-items: center;\">\n<div style=\"flex: 2; padding: 20px;\">\n<h1><span style=\"font-family: Solway; color: black;\">Services sociaux<\/span><\/h1>\n<h3><span style=\"font-family: Solway; font-size: 20px; font-variant-ligatures: no-common-ligatures; font-weight: 400; color: black;\">Souvent en situation de vuln\u00e9rabilit\u00e9, nos usagers ont besoin d\u2019\u00eatre compris, entour\u00e9s et rassur\u00e9s dans ce qu\u2019ils vivent. Personne de c\u0153ur et d\u2019\u00e9coute, c\u2019est de vous dont nous avons besoin pour notre client\u00e8le. Travailleur social, psychologue, \u00e9ducateur, psycho\u00e9ducateur, organisateur communautaire\u2026 Votre EMPATHIE naturelle sera un pr\u00e9cieux atout!<\/span><\/h3>\n<\/div>\n<\/div>\n[\/vc_column_text][\/vc_column][\/vc_row][vc_row css=\u00a0\u00bb.vc_custom_1694469552080{margin-top: 30px !important;}\u00a0\u00bb][vc_column][vc_column_text]\n<h2 style=\"text-align: left;\">Liste des offres d&#8217;emploi<\/h2>\n<div>\n<div><div class=\"job_listings\" data-location=\"\" data-keywords=\"\" data-show_filters=\"true\" data-show_pagination=\"false\" data-per_page=\"10\" data-orderby=\"date\" data-order=\"DESC\" data-categories=\"Services sociaux\" data-disable-form-state-storage=\"\" data-featured_first=\"false\" data-remote_position=\"false\" data-post_id=\"4123\" >\n<form class=\"job_filters\">\n\t    <div class=\"location-n-cat\">\n\t<div class=\"search_jobs\">\n\t\t        <div class=\"location-n-cat\">\n\n\t\t<div class=\"search_keywords\">\n\t\t\t<label for=\"search_keywords\">Mots-cl\u00e9s<\/label>\n\t\t\t<input type=\"text\" name=\"search_keywords\" id=\"search_keywords\" placeholder=\"Mots-cl\u00e9s\" value=\"\" \/>\n\t\t<\/div>\n\n\t\t<div class=\"search_location\">\n    \t\t<label for=\"search_location\">Localisation<\/label>\n    \t\t<select name=\"search_location\" id=\"search_location\">\n       \t\t<option value=\"\">Choisir un lieu<\/option>\n\t\t\t   <option value=\"Beaupr\u00e9 - Ile d'Orl\u00e9ans\">Beaupr\u00e9 - Ile d'Orl\u00e9ans<\/option>\n\t\t\t   <option value=\"Charlevoix\">Charlevoix<\/option>\n\t\t\t\t<option value=\"Portneuf\">Portneuf<\/option>\n\t\t\t\t<option value=\"Beauport\">Beauport<\/option>\n\t\t\t\t<option value=\"Limoilou\">Limoilou<\/option>\n\t\t\t\t<option value=\"Qu\u00e9bec-M\u00e9tro\">Qu\u00e9bec-M\u00e9tro<\/option>\n    \t\t<\/select>\n\t\t<\/div>\n\n\t\t\n\t\t<div style=\"clear: both\"><\/div>\n\n\t\t\t\t\t\t\t\t\t<input type=\"hidden\" name=\"search_categories[]\" value=\"services-sociaux\" \/>\n\t\t\t\t\t\t\t\t\t\t<\/div>\n\n\t\t\t\t\t<div class=\"search_submit\">\n\t\t\t\t<input type=\"submit\" value=\"Rechercher des offres d\u2019emploi\">\n\t\t\t<\/div>\n\t\t\n\t\t\t<\/div>\n\n\t\t<ul class=\"job_types\">\n\t\t\t\t\t<li><label for=\"job_type_temps-complet\" class=\"tc-temps-complet\"><input type=\"checkbox\" name=\"filter_job_type[]\" value=\"temps-complet\"  checked='checked' id=\"job_type_temps-complet\" \/> TC - Temps complet<\/label><\/li>\n\t\t\t\t\t<li><label for=\"job_type_temps-partiel-occasionnel\" class=\"tpo-temps-partiel-occasionnel\"><input type=\"checkbox\" name=\"filter_job_type[]\" value=\"temps-partiel-occasionnel\"  checked='checked' id=\"job_type_temps-partiel-occasionnel\" \/> TPO - Temps partiel occasionnel<\/label><\/li>\n\t\t\t\t\t<li><label for=\"job_type_temps-partiel-regulier\" class=\"tpr-temps-partiel-regulier\"><input type=\"checkbox\" name=\"filter_job_type[]\" value=\"temps-partiel-regulier\"  checked='checked' id=\"job_type_temps-partiel-regulier\" \/> TPR - Temps partiel r\u00e9gulier<\/label><\/li>\n\t\t\t<\/ul>\n\t<input type=\"hidden\" name=\"filter_job_type[]\" value=\"\" \/>\n<div class=\"showing_jobs\"><\/div><\/form>\n\n\n<noscript>Votre navigateur ne supporte pas JavaScript, ou bien JavaScript est d\u00e9sactiv\u00e9. JavaScript doit \u00eatre activ\u00e9 pour pouvoir visualiser des postes.<\/noscript><ul class=\"job_listings\">\n<\/ul>\n<a class=\"load_more_jobs\" href=\"#\" style=\"display:none;\"><strong>Afficher plus d\u2019offres<\/strong><\/a><dialog class=\"jm-dialog\" id=\"jm_add_alert_modal\">\n\t<div class=\"jm-dialog-open\">\n\t\t<div class=\"jm-dialog-backdrop\" onclick=\"jm_add_alert_modal.close()\"><\/div>\n\t\t<div class=\"jm-dialog-modal \" style=\"width: 500px;\">\n\t\t\t<div class=\"jm-dialog-modal-container\">\n\t\t\t\t<div class=\"jm-dialog-modal-content\">\n<div class=\"jm-notice has-actions has-header\" role=\"status\">\n\t\t\t<div class=\"jm-notice__header\">\n\t\t\t\t\t\t<div class=\"jm-notice__title\">Ajouter une alerte<\/div>\n\t\t<\/div>\n\t\t\t\t<div\n\t\t\tclass=\"jm-notice__message-wrap\">\n\t\t\t\t\t\t\t\t\t<div\n\t\t\t\tclass=\"jm-notice__message  \">Connectez-vous ou cr\u00e9ez un compte pour poursuivre.<\/div>\n\t\t<\/div>\n\t\t\t\t\t<div class=\"jm-notice__footer\">\n\t\t\t<div class=\"jm-ui-actions-row\"><a class=\"jm-ui-button \" href=\"https:\/\/preprod-affichage.carrieresante.gouv.qc.ca\/11045135\/wp-login.php?redirect_to=https%3A%2F%2Fpreprod-affichage.carrieresante.gouv.qc.ca%2F11045135%2Fservices-sociaux%2F\"><span>Connexion<\/span><\/a><a class=\"jm-ui-button--outline \" href=\"https:\/\/preprod-affichage.carrieresante.gouv.qc.ca\/11045135\/wp-login.php?action=register\"><span>Cr\u00e9er un compte<\/span><\/a><\/div>\t\t<\/div>\n\t<\/div>\n<\/div>\n\t\t\t\t<a href=\"#\" role=\"button\" class=\"jm-ui-button--icon jm-dialog-close\" onclick=\"jm_add_alert_modal.close();  event.preventDefault();\" aria-label=\"Close\"><span class=\"jm-ui-button__icon\"><\/span><\/a>\n\t\t\t<\/div>\n\t\t<\/div>\n\t<\/div>\n<\/dialog><\/div><\/div>\n<p>&nbsp;<\/p>\n<\/div>\n[\/vc_column_text][vc_empty_space height=\u00a0\u00bb40px\u00a0\u00bb][vc_empty_space height=\u00a0\u00bb40px\u00a0\u00bb][\/vc_column][\/vc_row][vc_row][vc_column][\/vc_column][\/vc_row][vc_row][vc_column][vc_column_text]\n<h2 style=\"text-align: center;\">Pourquoi travailler en<span>\u00a0<\/span><i>services sociaux<span>\u00a0<\/span><\/i><span>chez nous<\/span><span>\u00a0<\/span>?<\/h2>\n[\/vc_column_text][vc_row_inner][vc_column_inner width=\u00a0\u00bb1\/2&Prime;][vc_column_text]\n<h3 style=\"text-align: center;\">Milieux de pratique diversifi\u00e9s<\/h3>\n[\/vc_column_text][vc_separator color=\u00a0\u00bbsky\u00a0\u00bb border_width=\u00a0\u00bb2&Prime; el_width=\u00a0\u00bb50&Prime;][\/vc_column_inner][vc_column_inner width=\u00a0\u00bb1\/2&Prime;][vc_column_text]\n<h3 style=\"text-align: center;\">Plateaux techniques modernes<\/h3>\n[\/vc_column_text][vc_separator color=\u00a0\u00bbsky\u00a0\u00bb border_width=\u00a0\u00bb2&Prime; el_width=\u00a0\u00bb50&Prime;][\/vc_column_inner][\/vc_row_inner][vc_row_inner][vc_column_inner width=\u00a0\u00bb1\/2&Prime;][vc_column_text]\n<h3 style=\"text-align: center;\">~ 1 200 intervenants<\/h3>\n[\/vc_column_text][vc_separator color=\u00a0\u00bbsky\u00a0\u00bb border_width=\u00a0\u00bb2&Prime; el_width=\u00a0\u00bb50&Prime;][\/vc_column_inner][\/vc_row_inner][\/vc_column][\/vc_row]\n<\/div>","protected":false},"excerpt":{"rendered":"<p>[vc_row full_width=\u00a0\u00bbstretch_row\u00a0\u00bb equal_height=\u00a0\u00bbyes\u00a0\u00bb content_placement=\u00a0\u00bbmiddle\u00a0\u00bb css=\u00a0\u00bb.vc_custom_1694468776677{background-color: #87ceeb !important;}\u00a0\u00bb][vc_column width=\u00a0\u00bb1\/4&Prime; css=\u00a0\u00bb.vc_custom_1700860395567{margin-right: -5% !important;margin-left: -5% !important;padding-top: 50% !important;padding-bottom: 50% !important;background-image: url(https:\/\/preprod-affichage.carrieresante.gouv.qc.ca\/11045135\/wp-content\/uploads\/2023\/11\/Photo_services-sociaux_small.jpg?id=21736) !important;background-position: center !important;background-repeat: no-repeat&#8230;<\/p>\n","protected":false},"author":1,"featured_media":0,"parent":0,"menu_order":0,"comment_status":"closed","ping_status":"closed","template":"","meta":{"footnotes":""},"class_list":["post-4123","page","type-page","status-publish","hentry"],"yoast_head":"<!-- This site is optimized with the Yoast SEO plugin v27.3 - https:\/\/yoast.com\/product\/yoast-seo-wordpress\/ -->\r\n<title>Services sociaux | CIUSSS de la Capitale-Nationale<\/title>\r\n<meta name=\"description\" content=\"Devenez l&#039;un de nos 20 000 visages. Postulez pour un emploi en services sociaux au CIUSSS de la Capitale-Nationale.\" \/>\r\n<meta name=\"robots\" content=\"index, follow, max-snippet:-1, max-image-preview:large, max-video-preview:-1\" \/>\r\n<link rel=\"canonical\" href=\"https:\/\/preprod-affichage.carrieresante.gouv.qc.ca\/11045135\/services-sociaux\/\" \/>\r\n<meta property=\"og:locale\" content=\"fr_FR\" \/>\r\n<meta property=\"og:type\" content=\"article\" \/>\r\n<meta property=\"og:title\" content=\"Services sociaux | CIUSSS de la Capitale-Nationale\" \/>\r\n<meta property=\"og:description\" content=\"Devenez l&#039;un de nos 20 000 visages. Postulez pour un emploi en services sociaux au CIUSSS de la Capitale-Nationale.\" \/>\r\n<meta property=\"og:url\" content=\"https:\/\/preprod-affichage.carrieresante.gouv.qc.ca\/11045135\/services-sociaux\/\" \/>\r\n<meta property=\"og:site_name\" content=\"Site Carri\u00e8re CIUSSSCN\" \/>\r\n<meta property=\"article:modified_time\" content=\"2024-02-12T19:13:54+00:00\" \/>\r\n<meta property=\"og:image\" content=\"https:\/\/preprod-affichage.carrieresante.gouv.qc.ca\/11045135\/wp-content\/uploads\/2024\/02\/Photo_services-sociaux_1200x630.png\" \/>\r\n\t<meta property=\"og:image:width\" content=\"1200\" \/>\r\n\t<meta property=\"og:image:height\" content=\"630\" \/>\r\n\t<meta property=\"og:image:type\" content=\"image\/png\" \/>\r\n<meta name=\"twitter:card\" content=\"summary_large_image\" \/>\r\n<meta name=\"twitter:label1\" content=\"Dur\u00e9e de lecture estim\u00e9e\" \/>\n\t<meta name=\"twitter:data1\" content=\"1 minute\" \/>\r\n<script type=\"application\/ld+json\" class=\"yoast-schema-graph\">{\"@context\":\"https:\\\/\\\/schema.org\",\"@graph\":[{\"@type\":\"WebPage\",\"@id\":\"https:\\\/\\\/preprod-affichage.carrieresante.gouv.qc.ca\\\/11045135\\\/services-sociaux\\\/\",\"url\":\"https:\\\/\\\/preprod-affichage.carrieresante.gouv.qc.ca\\\/11045135\\\/services-sociaux\\\/\",\"name\":\"Services sociaux | CIUSSS de la Capitale-Nationale\",\"isPartOf\":{\"@id\":\"https:\\\/\\\/preprod-affichage.carrieresante.gouv.qc.ca\\\/11045135\\\/#website\"},\"datePublished\":\"2020-10-12T01:58:38+00:00\",\"dateModified\":\"2024-02-12T19:13:54+00:00\",\"description\":\"Devenez l'un de nos 20 000 visages. Postulez pour un emploi en services sociaux au CIUSSS de la Capitale-Nationale.\",\"breadcrumb\":{\"@id\":\"https:\\\/\\\/preprod-affichage.carrieresante.gouv.qc.ca\\\/11045135\\\/services-sociaux\\\/#breadcrumb\"},\"inLanguage\":\"fr-FR\",\"potentialAction\":[{\"@type\":\"ReadAction\",\"target\":[\"https:\\\/\\\/preprod-affichage.carrieresante.gouv.qc.ca\\\/11045135\\\/services-sociaux\\\/\"]}]},{\"@type\":\"BreadcrumbList\",\"@id\":\"https:\\\/\\\/preprod-affichage.carrieresante.gouv.qc.ca\\\/11045135\\\/services-sociaux\\\/#breadcrumb\",\"itemListElement\":[{\"@type\":\"ListItem\",\"position\":1,\"name\":\"Accueil\",\"item\":\"https:\\\/\\\/preprod-affichage.carrieresante.gouv.qc.ca\\\/11045135\\\/\"},{\"@type\":\"ListItem\",\"position\":2,\"name\":\"Services sociaux\"}]},{\"@type\":\"WebSite\",\"@id\":\"https:\\\/\\\/preprod-affichage.carrieresante.gouv.qc.ca\\\/11045135\\\/#website\",\"url\":\"https:\\\/\\\/preprod-affichage.carrieresante.gouv.qc.ca\\\/11045135\\\/\",\"name\":\"Makila.ai\",\"description\":\"Carri\u00e8re en sant\u00e9\",\"publisher\":{\"@id\":\"https:\\\/\\\/preprod-affichage.carrieresante.gouv.qc.ca\\\/11045135\\\/#organization\"},\"potentialAction\":[{\"@type\":\"SearchAction\",\"target\":{\"@type\":\"EntryPoint\",\"urlTemplate\":\"https:\\\/\\\/preprod-affichage.carrieresante.gouv.qc.ca\\\/11045135\\\/?s={search_term_string}\"},\"query-input\":{\"@type\":\"PropertyValueSpecification\",\"valueRequired\":true,\"valueName\":\"search_term_string\"}}],\"inLanguage\":\"fr-FR\"},{\"@type\":\"Organization\",\"@id\":\"https:\\\/\\\/preprod-affichage.carrieresante.gouv.qc.ca\\\/11045135\\\/#organization\",\"name\":\"Services Makila inc.\",\"url\":\"https:\\\/\\\/preprod-affichage.carrieresante.gouv.qc.ca\\\/11045135\\\/\",\"logo\":{\"@type\":\"ImageObject\",\"inLanguage\":\"fr-FR\",\"@id\":\"https:\\\/\\\/preprod-affichage.carrieresante.gouv.qc.ca\\\/11045135\\\/#\\\/schema\\\/logo\\\/image\\\/\",\"url\":\"https:\\\/\\\/preprod-affichage.carrieresante.gouv.qc.ca\\\/11045135\\\/wp-content\\\/uploads\\\/2020\\\/10\\\/Logo-Makila-Dark-150.png\",\"contentUrl\":\"https:\\\/\\\/preprod-affichage.carrieresante.gouv.qc.ca\\\/11045135\\\/wp-content\\\/uploads\\\/2020\\\/10\\\/Logo-Makila-Dark-150.png\",\"width\":150,\"height\":43,\"caption\":\"Services Makila inc.\"},\"image\":{\"@id\":\"https:\\\/\\\/preprod-affichage.carrieresante.gouv.qc.ca\\\/11045135\\\/#\\\/schema\\\/logo\\\/image\\\/\"},\"sameAs\":[\"https:\\\/\\\/www.linkedin.com\\\/company\\\/makila-ai\\\/\"]}]}<\/script>\r\n<!-- \/ Yoast SEO plugin. -->","yoast_head_json":{"title":"Services sociaux | CIUSSS de la Capitale-Nationale","description":"Devenez l'un de nos 20 000 visages. Postulez pour un emploi en services sociaux au CIUSSS de la Capitale-Nationale.","robots":{"index":"index","follow":"follow","max-snippet":"max-snippet:-1","max-image-preview":"max-image-preview:large","max-video-preview":"max-video-preview:-1"},"canonical":"https:\/\/preprod-affichage.carrieresante.gouv.qc.ca\/11045135\/services-sociaux\/","og_locale":"fr_FR","og_type":"article","og_title":"Services sociaux | CIUSSS de la Capitale-Nationale","og_description":"Devenez l'un de nos 20 000 visages. Postulez pour un emploi en services sociaux au CIUSSS de la Capitale-Nationale.","og_url":"https:\/\/preprod-affichage.carrieresante.gouv.qc.ca\/11045135\/services-sociaux\/","og_site_name":"Site Carri\u00e8re CIUSSSCN","article_modified_time":"2024-02-12T19:13:54+00:00","og_image":[{"width":1200,"height":630,"url":"https:\/\/preprod-affichage.carrieresante.gouv.qc.ca\/11045135\/wp-content\/uploads\/2024\/02\/Photo_services-sociaux_1200x630.png","type":"image\/png"}],"twitter_card":"summary_large_image","twitter_misc":{"Dur\u00e9e de lecture estim\u00e9e":"1 minute"},"schema":{"@context":"https:\/\/schema.org","@graph":[{"@type":"WebPage","@id":"https:\/\/preprod-affichage.carrieresante.gouv.qc.ca\/11045135\/services-sociaux\/","url":"https:\/\/preprod-affichage.carrieresante.gouv.qc.ca\/11045135\/services-sociaux\/","name":"Services sociaux | CIUSSS de la Capitale-Nationale","isPartOf":{"@id":"https:\/\/preprod-affichage.carrieresante.gouv.qc.ca\/11045135\/#website"},"datePublished":"2020-10-12T01:58:38+00:00","dateModified":"2024-02-12T19:13:54+00:00","description":"Devenez l'un de nos 20 000 visages. Postulez pour un emploi en services sociaux au CIUSSS de la Capitale-Nationale.","breadcrumb":{"@id":"https:\/\/preprod-affichage.carrieresante.gouv.qc.ca\/11045135\/services-sociaux\/#breadcrumb"},"inLanguage":"fr-FR","potentialAction":[{"@type":"ReadAction","target":["https:\/\/preprod-affichage.carrieresante.gouv.qc.ca\/11045135\/services-sociaux\/"]}]},{"@type":"BreadcrumbList","@id":"https:\/\/preprod-affichage.carrieresante.gouv.qc.ca\/11045135\/services-sociaux\/#breadcrumb","itemListElement":[{"@type":"ListItem","position":1,"name":"Accueil","item":"https:\/\/preprod-affichage.carrieresante.gouv.qc.ca\/11045135\/"},{"@type":"ListItem","position":2,"name":"Services sociaux"}]},{"@type":"WebSite","@id":"https:\/\/preprod-affichage.carrieresante.gouv.qc.ca\/11045135\/#website","url":"https:\/\/preprod-affichage.carrieresante.gouv.qc.ca\/11045135\/","name":"Makila.ai","description":"Carri\u00e8re en sant\u00e9","publisher":{"@id":"https:\/\/preprod-affichage.carrieresante.gouv.qc.ca\/11045135\/#organization"},"potentialAction":[{"@type":"SearchAction","target":{"@type":"EntryPoint","urlTemplate":"https:\/\/preprod-affichage.carrieresante.gouv.qc.ca\/11045135\/?s={search_term_string}"},"query-input":{"@type":"PropertyValueSpecification","valueRequired":true,"valueName":"search_term_string"}}],"inLanguage":"fr-FR"},{"@type":"Organization","@id":"https:\/\/preprod-affichage.carrieresante.gouv.qc.ca\/11045135\/#organization","name":"Services Makila inc.","url":"https:\/\/preprod-affichage.carrieresante.gouv.qc.ca\/11045135\/","logo":{"@type":"ImageObject","inLanguage":"fr-FR","@id":"https:\/\/preprod-affichage.carrieresante.gouv.qc.ca\/11045135\/#\/schema\/logo\/image\/","url":"https:\/\/preprod-affichage.carrieresante.gouv.qc.ca\/11045135\/wp-content\/uploads\/2020\/10\/Logo-Makila-Dark-150.png","contentUrl":"https:\/\/preprod-affichage.carrieresante.gouv.qc.ca\/11045135\/wp-content\/uploads\/2020\/10\/Logo-Makila-Dark-150.png","width":150,"height":43,"caption":"Services Makila inc."},"image":{"@id":"https:\/\/preprod-affichage.carrieresante.gouv.qc.ca\/11045135\/#\/schema\/logo\/image\/"},"sameAs":["https:\/\/www.linkedin.com\/company\/makila-ai\/"]}]}},"_links":{"self":[{"href":"https:\/\/preprod-affichage.carrieresante.gouv.qc.ca\/11045135\/wp-json\/wp\/v2\/pages\/4123","targetHints":{"allow":["GET"]}}],"collection":[{"href":"https:\/\/preprod-affichage.carrieresante.gouv.qc.ca\/11045135\/wp-json\/wp\/v2\/pages"}],"about":[{"href":"https:\/\/preprod-affichage.carrieresante.gouv.qc.ca\/11045135\/wp-json\/wp\/v2\/types\/page"}],"author":[{"embeddable":true,"href":"https:\/\/preprod-affichage.carrieresante.gouv.qc.ca\/11045135\/wp-json\/wp\/v2\/users\/1"}],"replies":[{"embeddable":true,"href":"https:\/\/preprod-affichage.carrieresante.gouv.qc.ca\/11045135\/wp-json\/wp\/v2\/comments?post=4123"}],"version-history":[{"count":30,"href":"https:\/\/preprod-affichage.carrieresante.gouv.qc.ca\/11045135\/wp-json\/wp\/v2\/pages\/4123\/revisions"}],"predecessor-version":[{"id":23951,"href":"https:\/\/preprod-affichage.carrieresante.gouv.qc.ca\/11045135\/wp-json\/wp\/v2\/pages\/4123\/revisions\/23951"}],"wp:attachment":[{"href":"https:\/\/preprod-affichage.carrieresante.gouv.qc.ca\/11045135\/wp-json\/wp\/v2\/media?parent=4123"}],"curies":[{"name":"wp","href":"https:\/\/api.w.org\/{rel}","templated":true}]}}