{"id":4889,"date":"2020-11-18T16:34:33","date_gmt":"2020-11-18T15:34:33","guid":{"rendered":"https:\/\/dotation514.makila.ai\/?page_id=4889"},"modified":"2024-03-05T15:24:43","modified_gmt":"2024-03-05T20:24:43","slug":"alerte-emplois","status":"publish","type":"page","link":"https:\/\/preprod-affichage.carrieresante.gouv.qc.ca\/11045135\/alerte-emplois\/","title":{"rendered":"Alerte emploi"},"content":{"rendered":"<div class=\"wpb-content-wrapper\">[vc_row full_width=\u00a0\u00bbstretch_row\u00a0\u00bb][vc_column]\n\t\t\t<section class=\" imagebg height-30 text-center\" data-gradient-bg=\"#87CEEB\">\n\t\t\t\t<div class=\"background-image-holder\"><\/div>\n\t\t\t\t<div class=\"container pos-vertical-center\">\n\t\t\t\t\t<div class=\"row\">\n\t\t\t\t\t\t<div class=\"col-sm-12\">[vc_column_text]\n<h1 class=\"titre-section\" style=\"text-align: left;\">Abonnez-vous \u00e0 l&rsquo;alerte emploi pour ne rien manquer!<\/h1>\n<p style=\"text-align: left;\">Avec l\u2019alerte emploi, vous recevrez un courriel lorsque de nouveaux emplois correspondant \u00e0 vos param\u00e8tres s\u2019afficheront sur le site.<br \/>\nNe ratez pas l\u2019occasion de postuler et de vous joindre \u00e0 la plus grande \u00e9quipe en sant\u00e9 et services sociaux de la province!<span><\/span><\/p>\n[\/vc_column_text]<\/div>\n\t\t\t\t\t<\/div><!--end of row-->\n\t\t\t\t<\/div><!--end of container-->\n\t\t\t<\/section>\n\t\t[\/vc_column][\/vc_row][vc_row content_placement=\u00a0\u00bbmiddle\u00a0\u00bb][vc_column css=\u00a0\u00bb.vc_custom_1602469209500{margin-top: 0px !important;margin-bottom: 0px !important;padding-top: 10px !important;padding-bottom: 10px !important;}\u00a0\u00bb][vc_raw_html]JTVCY29udGFjdC1mb3JtLTclMjBpZCUzRCUyMmRkMDFiNGQlMjIlMjB0aXRsZSUzRCUyMkFsZXJ0ZSUyMGVtcGxvaXMlMjIlNUQlMEE=[\/vc_raw_html][vc_column_text]\n<p>Pour vous d\u00e9sabonner de l&rsquo;alerte-emploi, <a href=\"..\/desabonnement-alerte-emploi\">cliquer ici<\/a>.<\/p>\n[\/vc_column_text][\/vc_column][\/vc_row]\n<\/div>","protected":false},"excerpt":{"rendered":"<p>[vc_row full_width=\u00a0\u00bbstretch_row\u00a0\u00bb][vc_column][\/vc_column][\/vc_row][vc_row content_placement=\u00a0\u00bbmiddle\u00a0\u00bb][vc_column css=\u00a0\u00bb.vc_custom_1602469209500{margin-top: 0px !important;margin-bottom: 0px !important;padding-top: 10px !important;padding-bottom: 10px !important;}\u00a0\u00bb][vc_raw_html]JTVCY29udGFjdC1mb3JtLTclMjBpZCUzRCUyMmRkMDFiNGQlMjIlMjB0aXRsZSUzRCUyMkFsZXJ0ZSUyMGVtcGxvaXMlMjIlNUQlMEE=[\/vc_raw_html][vc_column_text] Pour vous d\u00e9sabonner de l&rsquo;alerte-emploi, cliquer ici. [\/vc_column_text][\/vc_column][\/vc_row]<\/p>\n","protected":false},"author":1,"featured_media":0,"parent":0,"menu_order":0,"comment_status":"closed","ping_status":"closed","template":"","meta":{"footnotes":""},"class_list":["post-4889","page","type-page","status-publish","hentry"],"yoast_head":"<!-- This site is optimized with the Yoast SEO plugin v27.3 - https:\/\/yoast.com\/product\/yoast-seo-wordpress\/ -->\r\n<title>Alerte emploi | CIUSSS de la Capitale-Nationale<\/title>\r\n<meta name=\"description\" content=\"Abonnez-vous pour ne rien manquer! Vous recevrez un courriel lorsque de nouveaux emplois s\u2019afficheront sur le site.\" \/>\r\n<meta name=\"robots\" content=\"index, follow, max-snippet:-1, max-image-preview:large, max-video-preview:-1\" \/>\r\n<link rel=\"canonical\" href=\"https:\/\/preprod-affichage.carrieresante.gouv.qc.ca\/11045135\/alerte-emplois\/\" \/>\r\n<meta property=\"og:locale\" content=\"fr_FR\" \/>\r\n<meta property=\"og:type\" content=\"article\" \/>\r\n<meta property=\"og:title\" content=\"Alerte emploi | CIUSSS de la Capitale-Nationale\" \/>\r\n<meta property=\"og:description\" content=\"Abonnez-vous pour ne rien manquer! Vous recevrez un courriel lorsque de nouveaux emplois s\u2019afficheront sur le site.\" \/>\r\n<meta property=\"og:url\" content=\"https:\/\/preprod-affichage.carrieresante.gouv.qc.ca\/11045135\/alerte-emplois\/\" \/>\r\n<meta property=\"og:site_name\" content=\"Site Carri\u00e8re CIUSSSCN\" \/>\r\n<meta property=\"article:modified_time\" content=\"2024-03-05T20:24:43+00:00\" \/>\r\n<meta property=\"og:image\" content=\"https:\/\/preprod-affichage.carrieresante.gouv.qc.ca\/11045135\/wp-content\/uploads\/2024\/02\/Texte_CIUSSS_1200x630.png\" \/>\r\n\t<meta property=\"og:image:width\" content=\"1200\" \/>\r\n\t<meta property=\"og:image:height\" content=\"630\" \/>\r\n\t<meta property=\"og:image:type\" content=\"image\/png\" \/>\r\n<meta name=\"twitter:card\" content=\"summary_large_image\" \/>\r\n<meta name=\"twitter:label1\" content=\"Dur\u00e9e de lecture estim\u00e9e\" \/>\n\t<meta name=\"twitter:data1\" content=\"1 minute\" \/>\r\n<script type=\"application\/ld+json\" class=\"yoast-schema-graph\">{\"@context\":\"https:\\\/\\\/schema.org\",\"@graph\":[{\"@type\":\"WebPage\",\"@id\":\"https:\\\/\\\/preprod-affichage.carrieresante.gouv.qc.ca\\\/11045135\\\/alerte-emplois\\\/\",\"url\":\"https:\\\/\\\/preprod-affichage.carrieresante.gouv.qc.ca\\\/11045135\\\/alerte-emplois\\\/\",\"name\":\"Alerte emploi | CIUSSS de la Capitale-Nationale\",\"isPartOf\":{\"@id\":\"https:\\\/\\\/preprod-affichage.carrieresante.gouv.qc.ca\\\/11045135\\\/#website\"},\"datePublished\":\"2020-11-18T15:34:33+00:00\",\"dateModified\":\"2024-03-05T20:24:43+00:00\",\"description\":\"Abonnez-vous pour ne rien manquer! Vous recevrez un courriel lorsque de nouveaux emplois s\u2019afficheront sur le site.\",\"breadcrumb\":{\"@id\":\"https:\\\/\\\/preprod-affichage.carrieresante.gouv.qc.ca\\\/11045135\\\/alerte-emplois\\\/#breadcrumb\"},\"inLanguage\":\"fr-FR\",\"potentialAction\":[{\"@type\":\"ReadAction\",\"target\":[\"https:\\\/\\\/preprod-affichage.carrieresante.gouv.qc.ca\\\/11045135\\\/alerte-emplois\\\/\"]}]},{\"@type\":\"BreadcrumbList\",\"@id\":\"https:\\\/\\\/preprod-affichage.carrieresante.gouv.qc.ca\\\/11045135\\\/alerte-emplois\\\/#breadcrumb\",\"itemListElement\":[{\"@type\":\"ListItem\",\"position\":1,\"name\":\"Accueil\",\"item\":\"https:\\\/\\\/preprod-affichage.carrieresante.gouv.qc.ca\\\/11045135\\\/\"},{\"@type\":\"ListItem\",\"position\":2,\"name\":\"Alerte emploi\"}]},{\"@type\":\"WebSite\",\"@id\":\"https:\\\/\\\/preprod-affichage.carrieresante.gouv.qc.ca\\\/11045135\\\/#website\",\"url\":\"https:\\\/\\\/preprod-affichage.carrieresante.gouv.qc.ca\\\/11045135\\\/\",\"name\":\"Makila.ai\",\"description\":\"Carri\u00e8re en sant\u00e9\",\"publisher\":{\"@id\":\"https:\\\/\\\/preprod-affichage.carrieresante.gouv.qc.ca\\\/11045135\\\/#organization\"},\"potentialAction\":[{\"@type\":\"SearchAction\",\"target\":{\"@type\":\"EntryPoint\",\"urlTemplate\":\"https:\\\/\\\/preprod-affichage.carrieresante.gouv.qc.ca\\\/11045135\\\/?s={search_term_string}\"},\"query-input\":{\"@type\":\"PropertyValueSpecification\",\"valueRequired\":true,\"valueName\":\"search_term_string\"}}],\"inLanguage\":\"fr-FR\"},{\"@type\":\"Organization\",\"@id\":\"https:\\\/\\\/preprod-affichage.carrieresante.gouv.qc.ca\\\/11045135\\\/#organization\",\"name\":\"Services Makila inc.\",\"url\":\"https:\\\/\\\/preprod-affichage.carrieresante.gouv.qc.ca\\\/11045135\\\/\",\"logo\":{\"@type\":\"ImageObject\",\"inLanguage\":\"fr-FR\",\"@id\":\"https:\\\/\\\/preprod-affichage.carrieresante.gouv.qc.ca\\\/11045135\\\/#\\\/schema\\\/logo\\\/image\\\/\",\"url\":\"https:\\\/\\\/preprod-affichage.carrieresante.gouv.qc.ca\\\/11045135\\\/wp-content\\\/uploads\\\/2020\\\/10\\\/Logo-Makila-Dark-150.png\",\"contentUrl\":\"https:\\\/\\\/preprod-affichage.carrieresante.gouv.qc.ca\\\/11045135\\\/wp-content\\\/uploads\\\/2020\\\/10\\\/Logo-Makila-Dark-150.png\",\"width\":150,\"height\":43,\"caption\":\"Services Makila inc.\"},\"image\":{\"@id\":\"https:\\\/\\\/preprod-affichage.carrieresante.gouv.qc.ca\\\/11045135\\\/#\\\/schema\\\/logo\\\/image\\\/\"},\"sameAs\":[\"https:\\\/\\\/www.linkedin.com\\\/company\\\/makila-ai\\\/\"]}]}<\/script>\r\n<!-- \/ Yoast SEO plugin. -->","yoast_head_json":{"title":"Alerte emploi | CIUSSS de la Capitale-Nationale","description":"Abonnez-vous pour ne rien manquer! Vous recevrez un courriel lorsque de nouveaux emplois s\u2019afficheront sur le site.","robots":{"index":"index","follow":"follow","max-snippet":"max-snippet:-1","max-image-preview":"max-image-preview:large","max-video-preview":"max-video-preview:-1"},"canonical":"https:\/\/preprod-affichage.carrieresante.gouv.qc.ca\/11045135\/alerte-emplois\/","og_locale":"fr_FR","og_type":"article","og_title":"Alerte emploi | CIUSSS de la Capitale-Nationale","og_description":"Abonnez-vous pour ne rien manquer! Vous recevrez un courriel lorsque de nouveaux emplois s\u2019afficheront sur le site.","og_url":"https:\/\/preprod-affichage.carrieresante.gouv.qc.ca\/11045135\/alerte-emplois\/","og_site_name":"Site Carri\u00e8re CIUSSSCN","article_modified_time":"2024-03-05T20:24:43+00:00","og_image":[{"width":1200,"height":630,"url":"https:\/\/preprod-affichage.carrieresante.gouv.qc.ca\/11045135\/wp-content\/uploads\/2024\/02\/Texte_CIUSSS_1200x630.png","type":"image\/png"}],"twitter_card":"summary_large_image","twitter_misc":{"Dur\u00e9e de lecture estim\u00e9e":"1 minute"},"schema":{"@context":"https:\/\/schema.org","@graph":[{"@type":"WebPage","@id":"https:\/\/preprod-affichage.carrieresante.gouv.qc.ca\/11045135\/alerte-emplois\/","url":"https:\/\/preprod-affichage.carrieresante.gouv.qc.ca\/11045135\/alerte-emplois\/","name":"Alerte emploi | CIUSSS de la Capitale-Nationale","isPartOf":{"@id":"https:\/\/preprod-affichage.carrieresante.gouv.qc.ca\/11045135\/#website"},"datePublished":"2020-11-18T15:34:33+00:00","dateModified":"2024-03-05T20:24:43+00:00","description":"Abonnez-vous pour ne rien manquer! Vous recevrez un courriel lorsque de nouveaux emplois s\u2019afficheront sur le site.","breadcrumb":{"@id":"https:\/\/preprod-affichage.carrieresante.gouv.qc.ca\/11045135\/alerte-emplois\/#breadcrumb"},"inLanguage":"fr-FR","potentialAction":[{"@type":"ReadAction","target":["https:\/\/preprod-affichage.carrieresante.gouv.qc.ca\/11045135\/alerte-emplois\/"]}]},{"@type":"BreadcrumbList","@id":"https:\/\/preprod-affichage.carrieresante.gouv.qc.ca\/11045135\/alerte-emplois\/#breadcrumb","itemListElement":[{"@type":"ListItem","position":1,"name":"Accueil","item":"https:\/\/preprod-affichage.carrieresante.gouv.qc.ca\/11045135\/"},{"@type":"ListItem","position":2,"name":"Alerte emploi"}]},{"@type":"WebSite","@id":"https:\/\/preprod-affichage.carrieresante.gouv.qc.ca\/11045135\/#website","url":"https:\/\/preprod-affichage.carrieresante.gouv.qc.ca\/11045135\/","name":"Makila.ai","description":"Carri\u00e8re en sant\u00e9","publisher":{"@id":"https:\/\/preprod-affichage.carrieresante.gouv.qc.ca\/11045135\/#organization"},"potentialAction":[{"@type":"SearchAction","target":{"@type":"EntryPoint","urlTemplate":"https:\/\/preprod-affichage.carrieresante.gouv.qc.ca\/11045135\/?s={search_term_string}"},"query-input":{"@type":"PropertyValueSpecification","valueRequired":true,"valueName":"search_term_string"}}],"inLanguage":"fr-FR"},{"@type":"Organization","@id":"https:\/\/preprod-affichage.carrieresante.gouv.qc.ca\/11045135\/#organization","name":"Services Makila inc.","url":"https:\/\/preprod-affichage.carrieresante.gouv.qc.ca\/11045135\/","logo":{"@type":"ImageObject","inLanguage":"fr-FR","@id":"https:\/\/preprod-affichage.carrieresante.gouv.qc.ca\/11045135\/#\/schema\/logo\/image\/","url":"https:\/\/preprod-affichage.carrieresante.gouv.qc.ca\/11045135\/wp-content\/uploads\/2020\/10\/Logo-Makila-Dark-150.png","contentUrl":"https:\/\/preprod-affichage.carrieresante.gouv.qc.ca\/11045135\/wp-content\/uploads\/2020\/10\/Logo-Makila-Dark-150.png","width":150,"height":43,"caption":"Services Makila inc."},"image":{"@id":"https:\/\/preprod-affichage.carrieresante.gouv.qc.ca\/11045135\/#\/schema\/logo\/image\/"},"sameAs":["https:\/\/www.linkedin.com\/company\/makila-ai\/"]}]}},"_links":{"self":[{"href":"https:\/\/preprod-affichage.carrieresante.gouv.qc.ca\/11045135\/wp-json\/wp\/v2\/pages\/4889","targetHints":{"allow":["GET"]}}],"collection":[{"href":"https:\/\/preprod-affichage.carrieresante.gouv.qc.ca\/11045135\/wp-json\/wp\/v2\/pages"}],"about":[{"href":"https:\/\/preprod-affichage.carrieresante.gouv.qc.ca\/11045135\/wp-json\/wp\/v2\/types\/page"}],"author":[{"embeddable":true,"href":"https:\/\/preprod-affichage.carrieresante.gouv.qc.ca\/11045135\/wp-json\/wp\/v2\/users\/1"}],"replies":[{"embeddable":true,"href":"https:\/\/preprod-affichage.carrieresante.gouv.qc.ca\/11045135\/wp-json\/wp\/v2\/comments?post=4889"}],"version-history":[{"count":27,"href":"https:\/\/preprod-affichage.carrieresante.gouv.qc.ca\/11045135\/wp-json\/wp\/v2\/pages\/4889\/revisions"}],"predecessor-version":[{"id":30496,"href":"https:\/\/preprod-affichage.carrieresante.gouv.qc.ca\/11045135\/wp-json\/wp\/v2\/pages\/4889\/revisions\/30496"}],"wp:attachment":[{"href":"https:\/\/preprod-affichage.carrieresante.gouv.qc.ca\/11045135\/wp-json\/wp\/v2\/media?parent=4889"}],"curies":[{"name":"wp","href":"https:\/\/api.w.org\/{rel}","templated":true}]}}