{"id":4123,"date":"2020-10-12T03:58:38","date_gmt":"2020-10-12T01:58:38","guid":{"rendered":"https:\/\/dotation514.makila.ai\/?page_id=4123"},"modified":"2023-10-24T12:47:49","modified_gmt":"2023-10-24T16:47:49","slug":"services-sociaux","status":"publish","type":"page","link":"https:\/\/preprod-affichage.carrieresante.gouv.qc.ca\/13623616\/services-sociaux\/","title":{"rendered":"Sant\u00e9 et services sociaux"},"content":{"rendered":"<div class=\"wpb-content-wrapper\">[vc_row full_width=&#8221;stretch_row&#8221; equal_height=&#8221;yes&#8221; content_placement=&#8221;middle&#8221; css=&#8221;.vc_custom_1697143082980{background-color: #009886 !important;}&#8221;][vc_column width=&#8221;1\/4&#8243; css=&#8221;.vc_custom_1697143044043{margin-right: -5% !important;margin-left: -5% !important;padding-top: 50% !important;padding-bottom: 50% !important;background-image: url(https:\/\/preprod-affichage.carrieresante.gouv.qc.ca\/13623616\/wp-content\/uploads\/2023\/10\/photo-sante.png?id=21698) !important;background-position: center !important;background-repeat: no-repeat !important;background-size: cover !important;}&#8221;][\/vc_column][vc_column width=&#8221;3\/4&#8243;][vc_column_text css=&#8221;.vc_custom_1697143479084{padding-bottom: 2.5% !important;}&#8221;]\n<div class=\"responsive-container\" style=\"display: flex; align-items: center;\">\n<div style=\"flex: 2; padding: 20px;\">\n<h1><span style=\"font-family: Solway; color: white;\">Sant\u00e9 et services sociaux<\/span><\/h1>\n<h3><span style=\"font-family: Solway; font-size: 18px; font-variant-ligatures: no-common-ligatures; font-weight: 400; color: white;\">Souvent en situation de vuln\u00e9rabilit\u00e9, nos usagers ont besoin d\u2019\u00eatre compris, entour\u00e9s et rassur\u00e9s dans ce qu\u2019ils vivent. Personne de c\u0153ur et d\u2019\u00e9coute, c\u2019est de toi dont nous avons besoin pour notre client\u00e8le. Travailleur social, psychologue, \u00e9ducateur, psycho\u00e9ducateur, organisateur communautaire\u2026 Ton EMPATHIE naturelle sera un pr\u00e9cieux atout!<\/span><\/h3>\n<\/div>\n<\/div>\n[\/vc_column_text][\/vc_column][\/vc_row][vc_row css=&#8221;.vc_custom_1694469552080{margin-top: 30px !important;}&#8221;][vc_column][vc_column_text]\n<h2 style=\"text-align: left;\">Liste des offres d&#8217;emplois<\/h2>\n<div>\n<div class=\"jobs-sante\"><div class=\"job_listings\" data-location=\"\" data-keywords=\"\" data-show_filters=\"true\" data-show_pagination=\"false\" data-per_page=\"10\" data-orderby=\"date\" data-order=\"DESC\" data-categories=\"Sant\u00e9 et services sociaux\" data-disable-form-state-storage=\"\" data-featured_first=\"false\" data-remote_position=\"false\" data-post_id=\"4123\" >\n<form class=\"job_filters\">\n\t    <div class=\"location-n-cat\">\n\t<div class=\"search_jobs\">\n\t\t        <div class=\"location-n-cat\">\n\n\t\t<div class=\"search_keywords\">\n\t\t\t<label for=\"search_keywords\">Keywords<\/label>\n\t\t\t<input type=\"text\" name=\"search_keywords\" id=\"search_keywords\" placeholder=\"Keywords\" value=\"\" \/>\n\t\t<\/div>\n\n\t\t<div class=\"search_location\">\n    \t\t<label for=\"search_location\">Location<\/label>\n    \t\t<select name=\"search_location\" id=\"search_location\">\n       \t\t<option value=\"\">Choisir un lieu<\/option>\n\t\t\t    <option value=\"Institut universitaire de cardiologie et de pneumologie de Qu\u00e9bec\">Pr\u00e9sentiel<\/option>\n\t\t\t\t<option value=\"Teletravail\">T\u00e9l\u00e9travail<\/option>\n\t\t\t\t<option value=\"Hybride\">Hybride (Pr\u00e9sentiel et t\u00e9l\u00e9travail)<\/option>\n    \t\t<\/select>\n\t\t<\/div>\n\n\t\t\n\t\t<div style=\"clear: both\"><\/div>\n\n\t\t\t\t\t\t\t\t\t<input type=\"hidden\" name=\"search_categories[]\" value=\"sante-et-services-sociaux\" \/>\n\t\t\t\t\t\t\t\t\t\t<\/div>\n\n\t\t\t\t\t<div class=\"search_submit\">\n\t\t\t\t<input type=\"submit\" value=\"Search Jobs\">\n\t\t\t<\/div>\n\t\t\n\t\t\t<\/div>\n\n\t\t<ul class=\"job_types\">\n\t\t\t\t\t<li><label for=\"job_type_temps-complet\" class=\"tc-temps-complet\"><input type=\"checkbox\" name=\"filter_job_type[]\" value=\"temps-complet\"  checked='checked' id=\"job_type_temps-complet\" \/> TC - Temps complet<\/label><\/li>\n\t\t\t\t\t<li><label for=\"job_type_temps-partiel-occasionnel\" class=\"tpo-temps-partiel-occasionnel\"><input type=\"checkbox\" name=\"filter_job_type[]\" value=\"temps-partiel-occasionnel\"  checked='checked' id=\"job_type_temps-partiel-occasionnel\" \/> TPO - Temps partiel occasionnel<\/label><\/li>\n\t\t\t\t\t<li><label for=\"job_type_temps-partiel-regulier\" class=\"tpr-temps-partiel-regulier\"><input type=\"checkbox\" name=\"filter_job_type[]\" value=\"temps-partiel-regulier\"  checked='checked' id=\"job_type_temps-partiel-regulier\" \/> TPR - Temps partiel r\u00e9gulier<\/label><\/li>\n\t\t\t<\/ul>\n\t<input type=\"hidden\" name=\"filter_job_type[]\" value=\"\" \/>\n<div class=\"showing_jobs\"><\/div><\/form>\n\n\n<noscript>Your browser does not support JavaScript, or it is disabled. JavaScript must be enabled in order to view listings.<\/noscript><ul class=\"job_listings\">\n<\/ul>\n<a class=\"load_more_jobs\" href=\"#\" style=\"display:none;\"><strong>Load more listings<\/strong><\/a><dialog class=\"jm-dialog\" id=\"jm_add_alert_modal\">\n\t<div class=\"jm-dialog-open\">\n\t\t<div class=\"jm-dialog-backdrop\" onclick=\"jm_add_alert_modal.close()\"><\/div>\n\t\t<div class=\"jm-dialog-modal \" style=\"width: 500px;\">\n\t\t\t<div class=\"jm-dialog-modal-container\">\n\t\t\t\t<div class=\"jm-dialog-modal-content\">\n<div class=\"jm-notice has-actions has-header\" role=\"status\">\n\t\t\t<div class=\"jm-notice__header\">\n\t\t\t\t\t\t<div class=\"jm-notice__title\">Add Alert<\/div>\n\t\t<\/div>\n\t\t\t\t<div\n\t\t\tclass=\"jm-notice__message-wrap\">\n\t\t\t\t\t\t\t\t\t<div\n\t\t\t\tclass=\"jm-notice__message  \">Sign in or create an account to continue.<\/div>\n\t\t<\/div>\n\t\t\t\t\t<div class=\"jm-notice__footer\">\n\t\t\t<div class=\"jm-ui-actions-row\"><a class=\"jm-ui-button \" href=\"https:\/\/preprod-affichage.carrieresante.gouv.qc.ca\/13623616\/wp-login.php?redirect_to=https%3A%2F%2Fpreprod-affichage.carrieresante.gouv.qc.ca%2F13623616%2Fservices-sociaux%2F\"><span>Sign in<\/span><\/a><a class=\"jm-ui-button--outline \" href=\"https:\/\/preprod-affichage.carrieresante.gouv.qc.ca\/13623616\/wp-login.php?action=register\"><span>Create Account<\/span><\/a><\/div>\t\t<\/div>\n\t<\/div>\n<\/div>\n\t\t\t\t<a href=\"#\" role=\"button\" class=\"jm-ui-button--icon jm-dialog-close\" onclick=\"jm_add_alert_modal.close();  event.preventDefault();\" aria-label=\"Close\"><span class=\"jm-ui-button__icon\"><\/span><\/a>\n\t\t\t<\/div>\n\t\t<\/div>\n\t<\/div>\n<\/dialog><\/div><\/div>\n<p>&nbsp;<\/p>\n<\/div>\n[\/vc_column_text][vc_empty_space height=&#8221;40px&#8221;][vc_empty_space height=&#8221;40px&#8221;][\/vc_column][\/vc_row][vc_row][vc_column][\/vc_column][\/vc_row][vc_row][vc_column][vc_column_text]\n<h2 style=\"text-align: center;\">Pourquoi travailler en <i>sant\u00e9 et services sociaux<\/i> chez nous ?<\/h2>\n[\/vc_column_text][vc_row_inner][vc_column_inner width=&#8221;1\/2&#8243;][vc_column_text]\n<h3 style=\"text-align: center;\">Horaire qui favorise la conciliation travail-vie personnelle<\/h3>\n[\/vc_column_text][vc_separator color=&#8221;sky&#8221; border_width=&#8221;2&#8243; el_width=&#8221;50&#8243;][\/vc_column_inner][vc_column_inner width=&#8221;1\/2&#8243;][vc_column_text]\n<h3 style=\"text-align: center;\">Ton expertise<br \/>\nest consid\u00e9r\u00e9e<\/h3>\n[\/vc_column_text][vc_separator color=&#8221;sky&#8221; border_width=&#8221;2&#8243; el_width=&#8221;50&#8243;][\/vc_column_inner][\/vc_row_inner][vc_row_inner][vc_column_inner width=&#8221;1\/2&#8243;][vc_column_text]\n<h3 style=\"text-align: center;\">Collaboration interprofessionnelle avec une \u00e9quipe passionn\u00e9e<\/h3>\n[\/vc_column_text][vc_separator color=&#8221;sky&#8221; border_width=&#8221;2&#8243; el_width=&#8221;50&#8243;][\/vc_column_inner][vc_column_inner width=&#8221;1\/2&#8243;][vc_column_text]\n<h3 style=\"text-align: center;\">Possibilit\u00e9s de d\u00e9velopper tes comp\u00e9tences dans un environnement diversifi\u00e9<\/h3>\n[\/vc_column_text][vc_separator color=&#8221;sky&#8221; border_width=&#8221;2&#8243; el_width=&#8221;50&#8243;][\/vc_column_inner][\/vc_row_inner][\/vc_column][\/vc_row][vc_row][vc_column][vc_empty_space][\/vc_column][\/vc_row][vc_row][vc_column]<div class=\"slider slider--inline-arrows\" data-arrows=\"true\">\n\t<ul class=\"slides\">\n\t\t<li>\n\t<div class=\"row\">\n\t\t<div class=\"testimonial\">\n\t\t\t<div class=\"col-md-2 col-md-offset-1 col-sm-4 col-xs-12 text-center\">\n\t\t\t\t<img loading=\"lazy\" decoding=\"async\" width=\"353\" height=\"560\" src=\"https:\/\/preprod-affichage.carrieresante.gouv.qc.ca\/13623616\/wp-content\/uploads\/2023\/10\/employe-forme-bleu.png\" class=\"testimonial__image wp-post-image\" alt=\"\" srcset=\"https:\/\/preprod-affichage.carrieresante.gouv.qc.ca\/13623616\/wp-content\/uploads\/2023\/10\/employe-forme-bleu.png 353w, https:\/\/preprod-affichage.carrieresante.gouv.qc.ca\/13623616\/wp-content\/uploads\/2023\/10\/employe-forme-bleu-189x300.png 189w\" sizes=\"auto, (max-width: 353px) 100vw, 353px\" \/>\t\t\t<\/div>\n\t\t\t<div class=\"col-md-7 col-md-offset-1 col-sm-8 col-xs-12\">\n\t\t\t\t<span class=\"h3\">&ldquo;Fort de mon exp\u00e9rience des derni\u00e8res ann\u00e9es, j'ai entrepris un retour \u00e0 l'\u00e9cole, en gestion, et j'aimerais beaucoup pouvoir appliquer mes connaissances acquises du terrain dans le futur.&rdquo;\n\t\t\t\t<\/span>\n\t\t\t\t<h5>Francis, pr\u00e9pos\u00e9 en hygi\u00e8ne et salubrit\u00e9<\/h5><span><\/span>\t\t\t<\/div>\n\t\t<\/div>\n\t<\/div><!--end of row-->\n<\/li>\t<\/ul>\n<\/div>[\/vc_column][\/vc_row]\n<\/div>","protected":false},"excerpt":{"rendered":"<p>[vc_row full_width=&#8221;stretch_row&#8221; equal_height=&#8221;yes&#8221; content_placement=&#8221;middle&#8221; css=&#8221;.vc_custom_1697143082980{background-color: #009886 !important;}&#8221;][vc_column width=&#8221;1\/4&#8243; css=&#8221;.vc_custom_1697143044043{margin-right: -5% !important;margin-left: -5% !important;padding-top: 50% !important;padding-bottom: 50% !important;background-image: url(https:\/\/preprod-affichage.carrieresante.gouv.qc.ca\/13623616\/wp-content\/uploads\/2023\/10\/photo-sante.png?id=21698) !important;background-position: center !important;background-repeat: no-repeat&#8230;<\/p>\n","protected":false},"author":1,"featured_media":0,"parent":0,"menu_order":0,"comment_status":"closed","ping_status":"closed","template":"","meta":{"footnotes":""},"class_list":["post-4123","page","type-page","status-publish","hentry"],"_links":{"self":[{"href":"https:\/\/preprod-affichage.carrieresante.gouv.qc.ca\/13623616\/wp-json\/wp\/v2\/pages\/4123","targetHints":{"allow":["GET"]}}],"collection":[{"href":"https:\/\/preprod-affichage.carrieresante.gouv.qc.ca\/13623616\/wp-json\/wp\/v2\/pages"}],"about":[{"href":"https:\/\/preprod-affichage.carrieresante.gouv.qc.ca\/13623616\/wp-json\/wp\/v2\/types\/page"}],"author":[{"embeddable":true,"href":"https:\/\/preprod-affichage.carrieresante.gouv.qc.ca\/13623616\/wp-json\/wp\/v2\/users\/1"}],"replies":[{"embeddable":true,"href":"https:\/\/preprod-affichage.carrieresante.gouv.qc.ca\/13623616\/wp-json\/wp\/v2\/comments?post=4123"}],"version-history":[{"count":30,"href":"https:\/\/preprod-affichage.carrieresante.gouv.qc.ca\/13623616\/wp-json\/wp\/v2\/pages\/4123\/revisions"}],"predecessor-version":[{"id":21958,"href":"https:\/\/preprod-affichage.carrieresante.gouv.qc.ca\/13623616\/wp-json\/wp\/v2\/pages\/4123\/revisions\/21958"}],"wp:attachment":[{"href":"https:\/\/preprod-affichage.carrieresante.gouv.qc.ca\/13623616\/wp-json\/wp\/v2\/media?parent=4123"}],"curies":[{"name":"wp","href":"https:\/\/api.w.org\/{rel}","templated":true}]}}