{"id":4426,"date":"2020-10-22T22:57:50","date_gmt":"2020-10-22T20:57:50","guid":{"rendered":"https:\/\/dotation514.makila.ai\/?page_id=4426"},"modified":"2023-10-24T12:37:19","modified_gmt":"2023-10-24T16:37:19","slug":"soins-infirmiers","status":"publish","type":"page","link":"https:\/\/preprod-affichage.carrieresante.gouv.qc.ca\/13623616\/soins-infirmiers\/","title":{"rendered":"Soins infirmiers et cardio-respiratoires"},"content":{"rendered":"<div class=\"wpb-content-wrapper\">[vc_row full_width=&#8221;stretch_row&#8221; equal_height=&#8221;yes&#8221; content_placement=&#8221;middle&#8221; css=&#8221;.vc_custom_1697141492022{background-color: #5c2b7d !important;}&#8221;][vc_column width=&#8221;1\/4&#8243; css=&#8221;.vc_custom_1697141436879{margin-right: -5% !important;margin-left: -5% !important;padding-top: 50% !important;padding-bottom: 50% !important;background-image: url(https:\/\/preprod-affichage.carrieresante.gouv.qc.ca\/13623616\/wp-content\/uploads\/2023\/10\/photo-soins.png?id=21692) !important;background-position: center !important;background-repeat: no-repeat !important;background-size: cover !important;}&#8221;][\/vc_column][vc_column width=&#8221;3\/4&#8243;][vc_column_text]\n<div class=\"responsive-container\" style=\"display: flex; align-items: center;\">\n<div style=\"flex: 2; padding: 20px;\">\n<h1><span style=\"font-family: Solway; color: white;\">Soins infirmiers<\/span><\/h1>\n<h3><span style=\"font-family: Solway; font-size: 18px; font-variant-ligatures: no-common-ligatures; font-weight: 400; color: white;\">On a besoin de votre fibre SOIGNANTE! Infirmi\u00e8re auxiliaire, infirmi\u00e8re, infirmi\u00e8re clinicienne, infirmi\u00e8re praticienne sp\u00e9cialis\u00e9e, externe et CEPI\u2026 Venez mettre \u00e0 profit votre bon jugement et vos qualit\u00e9s humaines : elles sont essentielles pour b\u00e2tir une relation de confiance avec nos usagers. Que vous soyez \u00e9tudiante ou nouvelle recrue, on vous offre tout le soutien et l\u2019encadrement n\u00e9cessaire pour bien lancer votre carri\u00e8re et vous plaire dans votre nouvel emploi!<\/span><\/h3>\n<\/div>\n<\/div>\n[\/vc_column_text][\/vc_column][\/vc_row][vc_row css=&#8221;.vc_custom_1694469521423{margin-top: 30px !important;}&#8221;][vc_column][vc_column_text]\n<h2 style=\"text-align: left;\">Liste des offres d&#8217;emplois<\/h2>\n<div>\n<div class=\"jobs-soins-infirmiers\"><div class=\"job_listings\" data-location=\"\" data-keywords=\"\" data-show_filters=\"true\" data-show_pagination=\"false\" data-per_page=\"10\" data-orderby=\"date\" data-order=\"DESC\" data-categories=\"Soins infirmiers et cardio-respiratoires\" data-disable-form-state-storage=\"\" data-featured_first=\"false\" data-remote_position=\"false\" data-post_id=\"4426\" >\n<form class=\"job_filters\">\n\t    <div class=\"location-n-cat\">\n\t<div class=\"search_jobs\">\n\t\t        <div class=\"location-n-cat\">\n\n\t\t<div class=\"search_keywords\">\n\t\t\t<label for=\"search_keywords\">Keywords<\/label>\n\t\t\t<input type=\"text\" name=\"search_keywords\" id=\"search_keywords\" placeholder=\"Keywords\" value=\"\" \/>\n\t\t<\/div>\n\n\t\t<div class=\"search_location\">\n    \t\t<label for=\"search_location\">Location<\/label>\n    \t\t<select name=\"search_location\" id=\"search_location\">\n       \t\t<option value=\"\">Choisir un lieu<\/option>\n\t\t\t    <option value=\"Institut universitaire de cardiologie et de pneumologie de Qu\u00e9bec\">Pr\u00e9sentiel<\/option>\n\t\t\t\t<option value=\"Teletravail\">T\u00e9l\u00e9travail<\/option>\n\t\t\t\t<option value=\"Hybride\">Hybride (Pr\u00e9sentiel et t\u00e9l\u00e9travail)<\/option>\n    \t\t<\/select>\n\t\t<\/div>\n\n\t\t\n\t\t<div style=\"clear: both\"><\/div>\n\n\t\t\t\t\t\t\t\t\t<input type=\"hidden\" name=\"search_categories[]\" value=\"soins-infirmiers-et-cardio-respiratoires\" \/>\n\t\t\t\t\t\t\t\t\t\t<\/div>\n\n\t\t\t\t\t<div class=\"search_submit\">\n\t\t\t\t<input type=\"submit\" value=\"Search Jobs\">\n\t\t\t<\/div>\n\t\t\n\t\t\t<\/div>\n\n\t\t<ul class=\"job_types\">\n\t\t\t\t\t<li><label for=\"job_type_temps-complet\" class=\"tc-temps-complet\"><input type=\"checkbox\" name=\"filter_job_type[]\" value=\"temps-complet\"  checked='checked' id=\"job_type_temps-complet\" \/> TC - Temps complet<\/label><\/li>\n\t\t\t\t\t<li><label for=\"job_type_temps-partiel-occasionnel\" class=\"tpo-temps-partiel-occasionnel\"><input type=\"checkbox\" name=\"filter_job_type[]\" value=\"temps-partiel-occasionnel\"  checked='checked' id=\"job_type_temps-partiel-occasionnel\" \/> TPO - Temps partiel occasionnel<\/label><\/li>\n\t\t\t\t\t<li><label for=\"job_type_temps-partiel-regulier\" class=\"tpr-temps-partiel-regulier\"><input type=\"checkbox\" name=\"filter_job_type[]\" value=\"temps-partiel-regulier\"  checked='checked' id=\"job_type_temps-partiel-regulier\" \/> TPR - Temps partiel r\u00e9gulier<\/label><\/li>\n\t\t\t<\/ul>\n\t<input type=\"hidden\" name=\"filter_job_type[]\" value=\"\" \/>\n<div class=\"showing_jobs\"><\/div><\/form>\n\n\n<noscript>Your browser does not support JavaScript, or it is disabled. JavaScript must be enabled in order to view listings.<\/noscript><ul class=\"job_listings\">\n<\/ul>\n<a class=\"load_more_jobs\" href=\"#\" style=\"display:none;\"><strong>Load more listings<\/strong><\/a><dialog class=\"jm-dialog\" id=\"jm_add_alert_modal\">\n\t<div class=\"jm-dialog-open\">\n\t\t<div class=\"jm-dialog-backdrop\" onclick=\"jm_add_alert_modal.close()\"><\/div>\n\t\t<div class=\"jm-dialog-modal \" style=\"width: 500px;\">\n\t\t\t<div class=\"jm-dialog-modal-container\">\n\t\t\t\t<div class=\"jm-dialog-modal-content\">\n<div class=\"jm-notice has-actions has-header\" role=\"status\">\n\t\t\t<div class=\"jm-notice__header\">\n\t\t\t\t\t\t<div class=\"jm-notice__title\">Add Alert<\/div>\n\t\t<\/div>\n\t\t\t\t<div\n\t\t\tclass=\"jm-notice__message-wrap\">\n\t\t\t\t\t\t\t\t\t<div\n\t\t\t\tclass=\"jm-notice__message  \">Sign in or create an account to continue.<\/div>\n\t\t<\/div>\n\t\t\t\t\t<div class=\"jm-notice__footer\">\n\t\t\t<div class=\"jm-ui-actions-row\"><a class=\"jm-ui-button \" href=\"https:\/\/preprod-affichage.carrieresante.gouv.qc.ca\/13623616\/wp-login.php?redirect_to=https%3A%2F%2Fpreprod-affichage.carrieresante.gouv.qc.ca%2F13623616%2Fsoins-infirmiers%2F\"><span>Sign in<\/span><\/a><a class=\"jm-ui-button--outline \" href=\"https:\/\/preprod-affichage.carrieresante.gouv.qc.ca\/13623616\/wp-login.php?action=register\"><span>Create Account<\/span><\/a><\/div>\t\t<\/div>\n\t<\/div>\n<\/div>\n\t\t\t\t<a href=\"#\" role=\"button\" class=\"jm-ui-button--icon jm-dialog-close\" onclick=\"jm_add_alert_modal.close();  event.preventDefault();\" aria-label=\"Close\"><span class=\"jm-ui-button__icon\"><\/span><\/a>\n\t\t\t<\/div>\n\t\t<\/div>\n\t<\/div>\n<\/dialog><\/div><\/div>\n<\/div>\n[\/vc_column_text][vc_empty_space height=&#8221;40px&#8221;][vc_empty_space height=&#8221;40px&#8221;][\/vc_column][vc_column][\/vc_column][\/vc_row][vc_row css=&#8221;.vc_custom_1608093108918{margin-top: 30px !important;}&#8221;][vc_column][vc_column_text]\n<h2 style=\"text-align: center;\">Pourquoi travailler en <i>soins infirmiers et cardio-respiratoires<\/i> chez nous?<\/h2>\n[\/vc_column_text][vc_row_inner equal_height=&#8221;yes&#8221; content_placement=&#8221;middle&#8221;][vc_column_inner width=&#8221;1\/2&#8243;][vc_column_text]\n<h3 style=\"text-align: center;\">Travail d\u2019\u00e9quipe et collaboration interprofessionnelle<\/h3>\n[\/vc_column_text][vc_separator color=&#8221;sky&#8221; border_width=&#8221;2&#8243; el_width=&#8221;50&#8243;][\/vc_column_inner][vc_column_inner width=&#8221;1\/2&#8243;][vc_column_text]\n<h3><\/h3>\n<h3 style=\"text-align: center;\">Accueil et int\u00e9gration personnalis\u00e9s dans un milieu \u00e0 l\u2019\u00e9coute<\/h3>\n[\/vc_column_text][vc_separator color=&#8221;sky&#8221; border_width=&#8221;2&#8243; el_width=&#8221;50&#8243;][\/vc_column_inner][\/vc_row_inner][vc_row_inner][vc_column_inner width=&#8221;1\/2&#8243;][vc_column_text]\n<h3 style=\"text-align: center;\">Mettre de l\u2019avant ses comp\u00e9tences professionnelles dans un environnement de soins sursp\u00e9cialis\u00e9s<\/h3>\n[\/vc_column_text][vc_separator color=&#8221;sky&#8221; border_width=&#8221;2&#8243; el_width=&#8221;50&#8243;][\/vc_column_inner][vc_column_inner width=&#8221;1\/2&#8243;][vc_column_text]\n<h3 style=\"text-align: center;\">L\u2019opportunit\u00e9 de contribuer \u00e0 am\u00e9liorer nos pratiques organisationnelles<\/h3>\n[\/vc_column_text][vc_separator color=&#8221;sky&#8221; border_width=&#8221;2&#8243; el_width=&#8221;50&#8243;][\/vc_column_inner][\/vc_row_inner][\/vc_column][\/vc_row][vc_row][vc_column][vc_column_text]\n[\/vc_column_text][\/vc_column][\/vc_row][vc_row css=&#8221;.vc_custom_1698165436857{margin-top: 10px !important;}&#8221;][vc_column]<div class=\"slider slider--inline-arrows\" data-arrows=\"true\">\n\t<ul class=\"slides\">\n\t\t<li>\n\t<div class=\"row\">\n\t\t<div class=\"testimonial\">\n\t\t\t<div class=\"col-md-2 col-md-offset-1 col-sm-4 col-xs-12 text-center\">\n\t\t\t\t<img loading=\"lazy\" decoding=\"async\" width=\"353\" height=\"560\" src=\"https:\/\/preprod-affichage.carrieresante.gouv.qc.ca\/13623616\/wp-content\/uploads\/2023\/10\/employe-forme-vert-1.png\" class=\"testimonial__image wp-post-image\" alt=\"\" srcset=\"https:\/\/preprod-affichage.carrieresante.gouv.qc.ca\/13623616\/wp-content\/uploads\/2023\/10\/employe-forme-vert-1.png 353w, https:\/\/preprod-affichage.carrieresante.gouv.qc.ca\/13623616\/wp-content\/uploads\/2023\/10\/employe-forme-vert-1-189x300.png 189w\" sizes=\"auto, (max-width: 353px) 100vw, 353px\" \/>\t\t\t<\/div>\n\t\t\t<div class=\"col-md-7 col-md-offset-1 col-sm-8 col-xs-12\">\n\t\t\t\t<span class=\"h3\">&ldquo;Lorsque mon patient se porte mieux, ma plus grande paie est quand mon patient me dit \u00ab merci \u00bb. C\u2019est \u00e0 ce moment l\u00e0 que je r\u00e9alise que je fais une diff\u00e9rence dans le quotidien.&rdquo;\n\t\t\t\t<\/span>\n\t\t\t\t<h5>Fr\u00e9d\u00e9rik, inhaloth\u00e9rapeute<\/h5><span><\/span>\t\t\t<\/div>\n\t\t<\/div>\n\t<\/div><!--end of row-->\n<\/li><li>\n\t<div class=\"row\">\n\t\t<div class=\"testimonial\">\n\t\t\t<div class=\"col-md-2 col-md-offset-1 col-sm-4 col-xs-12 text-center\">\n\t\t\t\t<img loading=\"lazy\" decoding=\"async\" width=\"353\" height=\"560\" src=\"https:\/\/preprod-affichage.carrieresante.gouv.qc.ca\/13623616\/wp-content\/uploads\/2023\/10\/veronique-seule-1.png\" class=\"testimonial__image wp-post-image\" alt=\"\" srcset=\"https:\/\/preprod-affichage.carrieresante.gouv.qc.ca\/13623616\/wp-content\/uploads\/2023\/10\/veronique-seule-1.png 353w, https:\/\/preprod-affichage.carrieresante.gouv.qc.ca\/13623616\/wp-content\/uploads\/2023\/10\/veronique-seule-1-189x300.png 189w\" sizes=\"auto, (max-width: 353px) 100vw, 353px\" \/>\t\t\t<\/div>\n\t\t\t<div class=\"col-md-7 col-md-offset-1 col-sm-8 col-xs-12\">\n\t\t\t\t<span class=\"h3\">&ldquo;Je suis fi\u00e8re car l\u2019Institut est un \u00e9tablissement avant-gardiste o\u00f9 la qualit\u00e9 des soins est exceptionnelle. Nous avons une renomm\u00e9e internationale et je n\u2019h\u00e9siterais pas \u00e0 confier un membre de ma famille au personnel de l\u2019Institut.&rdquo;\n\t\t\t\t<\/span>\n\t\t\t\t<h5>Genevi\u00e8ve, technologue en radiodiagnostic<\/h5><span><\/span>\t\t\t<\/div>\n\t\t<\/div>\n\t<\/div><!--end of row-->\n<\/li>\t<\/ul>\n<\/div>[\/vc_column][\/vc_row][vc_row][vc_column][\/vc_column][\/vc_row]\n<\/div>","protected":false},"excerpt":{"rendered":"<p>[vc_row full_width=&#8221;stretch_row&#8221; equal_height=&#8221;yes&#8221; content_placement=&#8221;middle&#8221; css=&#8221;.vc_custom_1697141492022{background-color: #5c2b7d !important;}&#8221;][vc_column width=&#8221;1\/4&#8243; css=&#8221;.vc_custom_1697141436879{margin-right: -5% !important;margin-left: -5% !important;padding-top: 50% !important;padding-bottom: 50% !important;background-image: url(https:\/\/preprod-affichage.carrieresante.gouv.qc.ca\/13623616\/wp-content\/uploads\/2023\/10\/photo-soins.png?id=21692) !important;background-position: center !important;background-repeat: no-repeat&#8230;<\/p>\n","protected":false},"author":1,"featured_media":0,"parent":0,"menu_order":0,"comment_status":"closed","ping_status":"closed","template":"","meta":{"footnotes":""},"class_list":["post-4426","page","type-page","status-publish","hentry"],"_links":{"self":[{"href":"https:\/\/preprod-affichage.carrieresante.gouv.qc.ca\/13623616\/wp-json\/wp\/v2\/pages\/4426","targetHints":{"allow":["GET"]}}],"collection":[{"href":"https:\/\/preprod-affichage.carrieresante.gouv.qc.ca\/13623616\/wp-json\/wp\/v2\/pages"}],"about":[{"href":"https:\/\/preprod-affichage.carrieresante.gouv.qc.ca\/13623616\/wp-json\/wp\/v2\/types\/page"}],"author":[{"embeddable":true,"href":"https:\/\/preprod-affichage.carrieresante.gouv.qc.ca\/13623616\/wp-json\/wp\/v2\/users\/1"}],"replies":[{"embeddable":true,"href":"https:\/\/preprod-affichage.carrieresante.gouv.qc.ca\/13623616\/wp-json\/wp\/v2\/comments?post=4426"}],"version-history":[{"count":216,"href":"https:\/\/preprod-affichage.carrieresante.gouv.qc.ca\/13623616\/wp-json\/wp\/v2\/pages\/4426\/revisions"}],"predecessor-version":[{"id":21953,"href":"https:\/\/preprod-affichage.carrieresante.gouv.qc.ca\/13623616\/wp-json\/wp\/v2\/pages\/4426\/revisions\/21953"}],"wp:attachment":[{"href":"https:\/\/preprod-affichage.carrieresante.gouv.qc.ca\/13623616\/wp-json\/wp\/v2\/media?parent=4426"}],"curies":[{"name":"wp","href":"https:\/\/api.w.org\/{rel}","templated":true}]}}