{"id":20553,"date":"2023-08-30T23:29:28","date_gmt":"2023-08-30T21:29:28","guid":{"rendered":"https:\/\/dotation514.makila.ai\/?page_id=20553"},"modified":"2023-10-07T14:12:50","modified_gmt":"2023-10-07T18:12:50","slug":"pharmacie","status":"publish","type":"page","link":"https:\/\/preprod-affichage.carrieresante.gouv.qc.ca\/gosecure\/pharmacie\/","title":{"rendered":"Pharmacie"},"content":{"rendered":"<div class=\"wpb-content-wrapper\">[vc_row full_width=&#8221;stretch_row&#8221; equal_height=&#8221;yes&#8221; content_placement=&#8221;middle&#8221; css=&#8221;.vc_custom_1694471358256{background-color: #87ceeb !important;}&#8221;][vc_column width=&#8221;1\/4&#8243; css=&#8221;.vc_custom_1694550139148{margin-right: -5% !important;margin-left: -5% !important;padding-top: 50% !important;padding-bottom: 50% !important;background-image: url(https:\/\/preprod-affichage.carrieresante.gouv.qc.ca\/gosecure\/wp-content\/uploads\/2023\/08\/photo-gestion-menu-carre-1.jpg?id=20450) !important;background-position: center !important;background-repeat: no-repeat !important;background-size: cover !important;}&#8221;][\/vc_column][vc_column width=&#8221;3\/4&#8243;][vc_column_text]\n<div class=\"responsive-container\" style=\"display: flex; align-items: center;\">\n<div style=\"flex: 2; padding: 20px;\">\n<h1><span style=\"font-family: Solway; color: white;\">Pharmacie<\/span><\/h1>\n<h3><span style=\"font-family: Solway; font-size: 18px; font-variant-ligatures: no-common-ligatures; font-weight: 400; color: white;\">Notre d\u00e9partement de pharmacie est l\u2019un des plus dynamiques de la province. Vous aimez la vari\u00e9t\u00e9, vous souhaitez vous impliquer activement dans les d\u00e9cisions cliniques et il est important pour vous d\u2019avoir un contact privil\u00e9gi\u00e9 avec la client\u00e8le? Venez mettre \u00e0 profit votre CURIOSIT\u00c9 scientifique et vos habilet\u00e9s communicationnelles comme pharmacien chez nous! Assistant technique en pharmacie : nos \u00e9quipes ont besoin de votre sens de la MINUTIE et de la pr\u00e9cision! <\/span><\/h3>\n<\/div>\n<\/div>\n[\/vc_column_text][\/vc_column][\/vc_row][vc_row css=&#8221;.vc_custom_1694471692727{margin-top: 35px !important;}&#8221;][vc_column][vc_column_text]\n<h2 style=\"text-align: left;\">Liste des offres d&#8217;emplois<\/h2>\n<div><div class=\"job_listings\" data-location=\"\" data-keywords=\"\" data-show_filters=\"true\" data-show_pagination=\"false\" data-per_page=\"10\" data-orderby=\"date\" data-order=\"DESC\" data-categories=\"Pharmacie\" data-disable-form-state-storage=\"\" data-featured_first=\"false\" data-remote_position=\"false\" data-post_id=\"20553\" >\n<form class=\"job_filters\">\n\t    <div class=\"location-n-cat\">\n\t<div class=\"search_jobs\">\n\t\t        <div class=\"location-n-cat\">\n\n\t\t<div class=\"search_keywords\">\n\t\t\t<label for=\"search_keywords\">Keywords<\/label>\n\t\t\t<input type=\"text\" name=\"search_keywords\" id=\"search_keywords\" placeholder=\"Keywords\" value=\"\" \/>\n\t\t<\/div>\n\n\t\t<div class=\"search_location\">\n    \t\t<label for=\"search_location\">Location<\/label>\n    \t\t<select name=\"search_location\" id=\"search_location\">\n       \t\t<option value=\"\">Choisir un lieu<\/option>\n\t\t\t   <option value=\"Ancienne-Lorette\">Ancienne-Lorette<\/option>\n\t\t\t\t<option value=\"Baie-Saint-Catherine\">Baie-Saint-Catherine<\/option>\n\t\t\t\t<option value=\"Baie-Saint-Paul\">Baie-Saint-Paul<\/option>\n\t\t\t\t<option value=\"Beaupr\u00e9\">Beaupr\u00e9<\/option>\n\t\t\t\t<option value=\"Beauport\">Beauport<\/option>\n\t\t\t\t<option value=\"Cap-Rouge\">Cap-Rouge<\/option>\n\t\t\t\t<option value=\"Charlesbourg\">Charlesbourg<\/option>\n\t\t\t\t<option value=\"Clermont\">Clermont<\/option>\n\t\t\t\t<option value=\"Donnacona\">Donnacona<\/option>\n\t\t\t\t<option value=\"La Malbaie\">La Malbaie<\/option>\n\t\t\t\t<option value=\"L'Isle-aux-Coudres\">L'Isle-aux-Coudres<\/option>\n\t\t\t\t<option value=\"Limoilou\">Limoilou<\/option>\n\t\t\t\t<option value=\"Petite-Rivi\u00e8re-Saint-Fran\u00e7ois\">Petite-Rivi\u00e8re-Saint-Fran\u00e7ois<\/option>\n\t\t\t\t<option value=\"Portneuf\">Portneuf<\/option>\n\t\t\t\t<option value=\"Pont-Rouge\">Pont-Rouge<\/option>\n\t\t\t\t<option value=\"Rivi\u00e8re-\u00e0-Pierre\">Rivi\u00e8re-\u00e0-Pierre<\/option>\n\t\t\t\t<option value=\"Saint-Casimir\">Saint-Casimir<\/option>\n\t\t\t\t<option value=\"Sainte-Anne-de-Beaupr\u00e9\">Sainte-Anne-de-Beaupr\u00e9<\/option>\n\t\t\t\t<option value=\"Sainte-Brigitte-de-Laval\">Sainte-Brigitte-de-Laval<\/option>\n\t\t\t\t<option value=\"Sainte-Catherine-de-la-Jacques-Cartier\">Sainte-Catherine-de-la-Jacques-Cartier<\/option>\n\t\t\t\t<option value=\"Saint-Gabriel-de-Valcartier\">Saint-Gabriel-de-Valcartier<\/option>\n\t\t\t\t<option value=\"Saint-Hilarion\">Saint-Hilarion<\/option>\n\t\t\t\t<option value=\"Saint-Marc-des-Carri\u00e8res\">Saint-Marc-des-Carri\u00e8res<\/option>\n\t\t\t\t<option value=\"Saint-Pierre-de-l'\u00cele-d'Orl\u00e9ans\">Saint-Pierre-de-l'\u00cele-d'Orl\u00e9ans<\/option>\n\t\t\t\t<option value=\"Saint-Raymond\">Saint-Raymond<\/option>\n\t\t\t\t<option value=\"Saint-Sim\u00e9on\">Saint-Sim\u00e9on<\/option>\n\t\t\t\t<option value=\"Saint-Ubalde\">Saint-Ubalde<\/option>\n\t\t\t\t<option value=\"Sainte-Foy\">Sainte-Foy<\/option>\n\t\t\t\t<option value=\"Stoneham-et-Tewkesbury\">Stoneham-et-Tewkesbury<\/option>\n    \t\t<\/select>\n\t\t<\/div>\n\n\t\t\n\t\t<div style=\"clear: both\"><\/div>\n\n\t\t\t\t\t\t\t\t\t<input type=\"hidden\" name=\"search_categories[]\" value=\"pharmacie\" \/>\n\t\t\t\t\t\t\t\t\t\t<\/div>\n\n\t\t\t\t\t<div class=\"search_submit\">\n\t\t\t\t<input type=\"submit\" value=\"Search Jobs\">\n\t\t\t<\/div>\n\t\t\n\t\t\t<\/div>\n\n\t\t<ul class=\"job_types\">\n\t\t\t\t\t<li><label for=\"job_type_temps-complet\" class=\"tc-temps-complet\"><input type=\"checkbox\" name=\"filter_job_type[]\" value=\"temps-complet\"  checked='checked' id=\"job_type_temps-complet\" \/> TC - Temps complet<\/label><\/li>\n\t\t\t\t\t<li><label for=\"job_type_temps-partiel-occasionnel\" class=\"tpo-temps-partiel-occasionnel\"><input type=\"checkbox\" name=\"filter_job_type[]\" value=\"temps-partiel-occasionnel\"  checked='checked' id=\"job_type_temps-partiel-occasionnel\" \/> TPO - Temps partiel occasionnel<\/label><\/li>\n\t\t\t\t\t<li><label for=\"job_type_temps-partiel-regulier\" class=\"tpr-temps-partiel-regulier\"><input type=\"checkbox\" name=\"filter_job_type[]\" value=\"temps-partiel-regulier\"  checked='checked' id=\"job_type_temps-partiel-regulier\" \/> TPR - Temps partiel r\u00e9gulier<\/label><\/li>\n\t\t\t<\/ul>\n\t<input type=\"hidden\" name=\"filter_job_type[]\" value=\"\" \/>\n<div class=\"showing_jobs\"><\/div><\/form>\n\n\n<noscript>Your browser does not support JavaScript, or it is disabled. JavaScript must be enabled in order to view listings.<\/noscript><ul class=\"job_listings\">\n<\/ul>\n<a class=\"load_more_jobs\" href=\"#\" style=\"display:none;\"><strong>Load more listings<\/strong><\/a><dialog class=\"jm-dialog\" id=\"jm_add_alert_modal\">\n\t<div class=\"jm-dialog-open\">\n\t\t<div class=\"jm-dialog-backdrop\" onclick=\"jm_add_alert_modal.close()\"><\/div>\n\t\t<div class=\"jm-dialog-modal \" style=\"width: 500px;\">\n\t\t\t<div class=\"jm-dialog-modal-container\">\n\t\t\t\t<div class=\"jm-dialog-modal-content\">\n<div class=\"jm-notice has-actions has-header\" role=\"status\">\n\t\t\t<div class=\"jm-notice__header\">\n\t\t\t\t\t\t<div class=\"jm-notice__title\">Add Alert<\/div>\n\t\t<\/div>\n\t\t\t\t<div\n\t\t\tclass=\"jm-notice__message-wrap\">\n\t\t\t\t\t\t\t\t\t<div\n\t\t\t\tclass=\"jm-notice__message  \">Sign in or create an account to continue.<\/div>\n\t\t<\/div>\n\t\t\t\t\t<div class=\"jm-notice__footer\">\n\t\t\t<div class=\"jm-ui-actions-row\"><a class=\"jm-ui-button \" href=\"https:\/\/preprod-affichage.carrieresante.gouv.qc.ca\/gosecure\/wp-login.php?redirect_to=https%3A%2F%2Fpreprod-affichage.carrieresante.gouv.qc.ca%2Fgosecure%2Fpharmacie%2F\"><span>Sign in<\/span><\/a><a class=\"jm-ui-button--outline \" href=\"https:\/\/preprod-affichage.carrieresante.gouv.qc.ca\/gosecure\/wp-login.php?action=register\"><span>Create Account<\/span><\/a><\/div>\t\t<\/div>\n\t<\/div>\n<\/div>\n\t\t\t\t<a href=\"#\" role=\"button\" class=\"jm-ui-button--icon jm-dialog-close\" onclick=\"jm_add_alert_modal.close();  event.preventDefault();\" aria-label=\"Close\"><span class=\"jm-ui-button__icon\"><\/span><\/a>\n\t\t\t<\/div>\n\t\t<\/div>\n\t<\/div>\n<\/dialog><\/div><\/div>\n[\/vc_column_text][vc_empty_space height=&#8221;40px&#8221;][vc_empty_space height=&#8221;40px&#8221;][\/vc_column][\/vc_row][vc_row][vc_column][\/vc_column][\/vc_row][vc_row][vc_column][vc_column_text]\n<h2 style=\"text-align: center;\">Pourquoi travailler en<span>\u00a0<\/span><i>pharmacie<span>\u00a0<\/span><\/i><span>chez nous<\/span><span>\u00a0<\/span>?<\/h2>\n[\/vc_column_text][vc_row_inner][vc_column_inner width=&#8221;1\/2&#8243;][vc_column_text]\n<h3 style=\"text-align: center;\">Des client\u00e8les de 0 \u00e0 100 ans\u00a0et plus<\/h3>\n[\/vc_column_text][vc_separator color=&#8221;sky&#8221; border_width=&#8221;2&#8243; el_width=&#8221;50&#8243;][\/vc_column_inner][vc_column_inner width=&#8221;1\/2&#8243;][vc_column_text]\n<h3 style=\"text-align: center;\">Des milieux de pratique diversifi\u00e9s<\/h3>\n[\/vc_column_text][vc_separator color=&#8221;sky&#8221; border_width=&#8221;2&#8243; el_width=&#8221;50&#8243;][\/vc_column_inner][\/vc_row_inner][vc_row_inner][vc_column_inner width=&#8221;1\/2&#8243;][vc_column_text]\n<h3 style=\"text-align: center;\">Une technologie \u00e0 la fine pointe<\/h3>\n[\/vc_column_text][vc_separator color=&#8221;sky&#8221; border_width=&#8221;2&#8243; el_width=&#8221;50&#8243;][\/vc_column_inner][vc_column_inner width=&#8221;1\/2&#8243;][vc_column_text]\n<h3 style=\"text-align: center;\">Une pr\u00e9sence dans la communaut\u00e9<\/h3>\n[\/vc_column_text][vc_separator color=&#8221;sky&#8221; border_width=&#8221;2&#8243; el_width=&#8221;50&#8243;][\/vc_column_inner][\/vc_row_inner][\/vc_column][\/vc_row]\n<\/div>","protected":false},"excerpt":{"rendered":"<p>[vc_row full_width=&#8221;stretch_row&#8221; equal_height=&#8221;yes&#8221; content_placement=&#8221;middle&#8221; css=&#8221;.vc_custom_1694471358256{background-color: #87ceeb !important;}&#8221;][vc_column width=&#8221;1\/4&#8243; css=&#8221;.vc_custom_1694550139148{margin-right: -5% !important;margin-left: -5% !important;padding-top: 50% !important;padding-bottom: 50% !important;background-image: url(https:\/\/preprod-affichage.carrieresante.gouv.qc.ca\/gosecure\/wp-content\/uploads\/2023\/08\/photo-gestion-menu-carre-1.jpg?id=20450) !important;background-position: center !important;background-repeat: no-repeat&#8230;<\/p>\n","protected":false},"author":1,"featured_media":0,"parent":0,"menu_order":0,"comment_status":"closed","ping_status":"closed","template":"","meta":{"footnotes":""},"class_list":["post-20553","page","type-page","status-publish","hentry"],"_links":{"self":[{"href":"https:\/\/preprod-affichage.carrieresante.gouv.qc.ca\/gosecure\/wp-json\/wp\/v2\/pages\/20553","targetHints":{"allow":["GET"]}}],"collection":[{"href":"https:\/\/preprod-affichage.carrieresante.gouv.qc.ca\/gosecure\/wp-json\/wp\/v2\/pages"}],"about":[{"href":"https:\/\/preprod-affichage.carrieresante.gouv.qc.ca\/gosecure\/wp-json\/wp\/v2\/types\/page"}],"author":[{"embeddable":true,"href":"https:\/\/preprod-affichage.carrieresante.gouv.qc.ca\/gosecure\/wp-json\/wp\/v2\/users\/1"}],"replies":[{"embeddable":true,"href":"https:\/\/preprod-affichage.carrieresante.gouv.qc.ca\/gosecure\/wp-json\/wp\/v2\/comments?post=20553"}],"version-history":[{"count":16,"href":"https:\/\/preprod-affichage.carrieresante.gouv.qc.ca\/gosecure\/wp-json\/wp\/v2\/pages\/20553\/revisions"}],"predecessor-version":[{"id":21634,"href":"https:\/\/preprod-affichage.carrieresante.gouv.qc.ca\/gosecure\/wp-json\/wp\/v2\/pages\/20553\/revisions\/21634"}],"wp:attachment":[{"href":"https:\/\/preprod-affichage.carrieresante.gouv.qc.ca\/gosecure\/wp-json\/wp\/v2\/media?parent=20553"}],"curies":[{"name":"wp","href":"https:\/\/api.w.org\/{rel}","templated":true}]}}