{"id":4053,"date":"2020-10-09T23:18:08","date_gmt":"2020-10-09T21:18:08","guid":{"rendered":"https:\/\/dotation514.makila.ai\/?page_id=4053"},"modified":"2023-11-23T13:55:42","modified_gmt":"2023-11-23T18:55:42","slug":"accueil-2","status":"publish","type":"page","link":"https:\/\/preprod-affichage.carrieresante.gouv.qc.ca\/gosecure\/","title":{"rendered":"Accueil"},"content":{"rendered":"<div class=\"wpb-content-wrapper\">[vc_row full_width=&#8221;stretch_row&#8221; css=&#8221;.vc_custom_1700765727305{margin-top: 0px !important;margin-right: 0px !important;margin-bottom: 0px !important;margin-left: 0px !important;padding-top: 0px !important;padding-right: 0px !important;padding-bottom: 0px !important;padding-left: 0px !important;}&#8221; el_class=&#8221;HeroNoPadding&#8221;][vc_column]\n\t\t\t<section class=\" imagebg height-50 text-center\" data-gradient-bg=\"#87CEEB\">\n\t\t\t\t<div class=\"background-image-holder\"><\/div>\n\t\t\t\t<div class=\"container pos-vertical-center\">\n\t\t\t\t\t<div class=\"row\">\n\t\t\t\t\t\t<div class=\"col-sm-12\">[vc_column_text]\n<p style=\"text-align: left; padding-top: 35px;\"><span style=\"font-weight: 500;\"><span style=\"font-size: 30pt; color: line-height: 40pt;\">Devenez l\u2019un de nos 20 000 visages<\/span><\/span><\/p>\n<p style=\"text-align: left;\">Le CIUSSS CN, c&#8217;est un monde de possibilit\u00e9s avec plus de <span class=\"dsd-ws-nowrap\">500 types<\/span>\u00a0d&#8217;emplois dans plusieurs domaines au-del\u00e0 des soins infirmiers, services sociaux, de l&#8217;assistance \u00e0 la personne et m\u00e9tiers.<\/p>\n<p style=\"text-align: left;\"><a href=\"https:\/\/preprod-affichage.carrieresante.gouv.qc.ca\/gosecure\/liste-des-offres-demplois\" class=\"su-button su-button-style-flat\" style=\"color:#000000;background-color:#ffd400;border-color:#ccaa00;border-radius:0px\" target=\"_self\"><span style=\"color:#000000;padding:0px 30px;font-size:22px;line-height:44px;border-color:#ffe14d;border-radius:0px;text-shadow:none\"> Voir toutes les offres d&#8217;emploi<\/span><\/a>\n[\/vc_column_text]<\/div>\n\t\t\t\t\t<\/div><!--end of row-->\n\t\t\t\t<\/div><!--end of container-->\n\t\t\t<\/section>\n\t\t[vc_raw_html]JTNDZGl2JTIwY2xhc3MlM0QlMjJmdWxsLXdpZHRoLWRpdiUyMiUzRSUwQSUzQ2RpdiUyMGNsYXNzJTNEJTIyaW1hZ2UtY29udGFpbmVyJTIyJTIwJTNFJTBBJTNDYSUyMGhyZWYlM0QlMjJzb2lucy1pbmZpcm1pZXJzJTJGJTIyJTIwJTNFJTBBJTNDaW1nJTIwc3JjJTNEJTIyd3AtY29udGVudCUyRnVwbG9hZHMlMkYyMDIzJTJGMDglMkZwaG90by1zZXJ2aWNlLXNwZWNpYWxpc2Utc21hbGwtMS5qcGclMjIlM0UlMEElM0NkaXYlMjBjbGFzcyUzRCUyMnRleHQlMjIlM0UlMEFTb2lucyUyMGluZmlybWllciUwQSUzQyUyRmRpdiUzRSUwQSUzQyUyRmElM0UlMEElM0MlMkZkaXYlM0UlMEElMDklMEElM0NkaXYlMjBjbGFzcyUzRCUyMmltYWdlLWNvbnRhaW5lciUyMiUzRSUwQSUyMCUyMCUyMCUzQ2ElMjBocmVmJTNEJTIyYXNzaXN0YW5jZS1hLWxhLXBlcnNvbm5lLWV0LW1ldGllcnMlMkYlMjIlM0UlMEElMjAlMjAlMjAlMjAlMjAlMjAlM0NpbWclMjBzcmMlM0QlMjJ3cC1jb250ZW50JTJGdXBsb2FkcyUyRjIwMjMlMkYwOCUyRnBob3RvLXNvaW5zLXNtYWxsLTEuanBnJTIyJTNFJTBBJTIwJTIwJTIwJTIwJTIwJTIwJTNDZGl2JTIwY2xhc3MlM0QlMjJ0ZXh0JTIyJTNFJTBBJTIwJTIwJTIwJTIwJTIwJTIwJTIwJTIwJTIwQXNzaXN0YW5jZSUyMGV0JTIwbSVDMyVBOXRpZXJzJTBBJTIwJTIwJTIwJTIwJTIwJTIwJTNDJTJGZGl2JTNFJTBBJTIwJTIwJTIwJTNDJTJGYSUzRSUwQSUzQyUyRmRpdiUzRSUwQSUzQ2RpdiUyMGNsYXNzJTNEJTIyaW1hZ2UtY29udGFpbmVyJTIyJTNFJTBBJTIwJTIwJTIwJTNDYSUyMGhyZWYlM0QlMjJzZXJ2aWNlcy1zb2NpYXV4JTJGJTIyJTNFJTBBJTIwJTIwJTIwJTIwJTIwJTIwJTNDaW1nJTIwc3JjJTNEJTIyd3AtY29udGVudCUyRnVwbG9hZHMlMkYyMDIzJTJGMDglMkZwaG90by1zZXJ2aWNlcy1zbWFsbC0xLmpwZyUyMiUzRSUwQSUyMCUyMCUyMCUyMCUyMCUyMCUzQ2RpdiUyMGNsYXNzJTNEJTIydGV4dCUyMiUzRSUwQSUyMCUyMCUyMCUyMCUyMCUyMCUyMCUyMCUyMFNlcnZpY2VzJTIwc29jaWF1eCUwQSUyMCUyMCUyMCUyMCUyMCUyMCUzQyUyRmRpdiUzRSUwQSUyMCUyMCUyMCUzQyUyRmElM0UlMEElM0MlMkZkaXYlM0UlMEElM0NkaXYlMjBjbGFzcyUzRCUyMmltYWdlLWNvbnRhaW5lciUyMiUzRSUwQSUyMCUyMCUyMCUzQ2ElMjBocmVmJTNEJTIyYWRtaW5pc3RyYXRpb24tZXQtZ2VzdGlvbiUyRiUyMiUzRSUwQSUyMCUyMCUyMCUyMCUyMCUyMCUzQ2ltZyUyMHNyYyUzRCUyMndwLWNvbnRlbnQlMkZ1cGxvYWRzJTJGMjAyMyUyRjA4JTJGcGhvdG8tcmVhZGFwdGF0aW9uLXNtYWxsLTEuanBnJTIyJTNFJTBBJTIwJTIwJTIwJTIwJTIwJTIwJTNDZGl2JTIwY2xhc3MlM0QlMjJ0ZXh0JTIyJTNFJTBBJTIwJTIwJTIwJTIwJTIwJTIwJTIwJTIwJTIwQWRtaW5pc3RyYXRpb24lMkMlMjBUSSUyMGV0JTIwR2VzdGlvbiUwQSUyMCUyMCUyMCUyMCUyMCUyMCUzQyUyRmRpdiUzRSUwQSUyMCUyMCUyMCUzQyUyRmElM0UlMEElM0MlMkZkaXYlM0UlMEElM0NkaXYlMjBjbGFzcyUzRCUyMmltYWdlLWNvbnRhaW5lciUyMiUzRSUwQSUyMCUyMCUyMCUzQ2ElMjBocmVmJTNEJTIycmVhZGFwdGF0aW9uLXBoeXNpcXVlJTJGJTIyJTNFJTBBJTIwJTIwJTIwJTIwJTIwJTIwJTNDaW1nJTIwc3JjJTNEJTIyd3AtY29udGVudCUyRnVwbG9hZHMlMkYyMDIzJTJGMDglMkZwaG90by1waGFybWFjaWUtc21hbGwtMS5qcGclMjIlM0UlMEElMjAlMjAlMjAlMjAlMjAlMjAlM0NkaXYlMjBjbGFzcyUzRCUyMnRleHQlMjIlM0UlMEElMjAlMjAlMjAlMjAlMjAlMjAlMjAlMjAlMjBSJUMzJUE5YWRhcHRhdGlvbiUyMHBoeXNpcXVlJTBBJTIwJTIwJTIwJTIwJTIwJTIwJTNDJTJGZGl2JTNFJTBBJTIwJTIwJTIwJTNDJTJGYSUzRSUwQSUzQyUyRmRpdiUzRSUwQSUzQ2RpdiUyMGNsYXNzJTNEJTIyaW1hZ2UtY29udGFpbmVyJTIyJTNFJTBBJTIwJTIwJTIwJTNDYSUyMGhyZWYlM0QlMjJwaGFybWFjaWUlMkYlMjIlM0UlMEElMjAlMjAlMjAlMjAlMjAlMjAlM0NpbWclMjBzcmMlM0QlMjJ3cC1jb250ZW50JTJGdXBsb2FkcyUyRjIwMjMlMkYwOCUyRnBob3RvLWdlc3Rpb24tc21hbGwtMS5qcGclMjIlM0UlMEElMjAlMjAlMjAlMjAlMjAlMjAlM0NkaXYlMjBjbGFzcyUzRCUyMnRleHQlMjIlM0UlMEElMjAlMjAlMjAlMjAlMjAlMjAlMjAlMjAlMjBQaGFybWFjaWUlMEElMjAlMjAlMjAlMjAlMjAlMjAlM0MlMkZkaXYlM0UlMEElMjAlMjAlMjAlM0MlMkZhJTNFJTBBJTNDJTJGZGl2JTNFJTBBJTNDZGl2JTIwY2xhc3MlM0QlMjJpbWFnZS1jb250YWluZXIlMjIlM0UlMEElMjAlMjAlMjAlM0NhJTIwaHJlZiUzRCUyMmF1dHJlcy1wcm9mZXNzaW9ucyUyRiUyMiUzRSUwQSUyMCUyMCUyMCUyMCUyMCUyMCUzQ2ltZyUyMHNyYyUzRCUyMndwLWNvbnRlbnQlMkZ1cGxvYWRzJTJGMjAyMyUyRjA4JTJGcGhvdG8tYXNzaXN0YW5jZS1zbWFsbC0xLmpwZyUyMiUyMGNsYXNzJTNEJTIydGJfc2VsZWN0ZWRfaW1nJTIyJTIwd2lkdGglM0QlMjI0NDglMjIlMjBoZWlnaHQlM0QlMjI0NDglMjIlM0UlMEElMjAlMjAlMjAlMjAlMjAlMjAlM0NkaXYlMjBjbGFzcyUzRCUyMnRleHQlMjIlM0UlMEElMjAlMjAlMjAlMjAlMjAlMjAlMjAlMjAlMjBBdXRyZXMlMjBwcm9mZXNzaW9ucyUwQSUyMCUyMCUyMCUyMCUyMCUyMCUzQyUyRmRpdiUzRSUwQSUyMCUyMCUyMCUzQyUyRmElM0UlMEElM0MlMkZkaXYlM0UlMEElM0MlMkZkaXYlM0U=[\/vc_raw_html][\/vc_column][\/vc_row][vc_section][vc_row][vc_column][vc_column_text]\n<h2>Acc\u00e9der aux nouveaux emplois<\/h2>\n[\/vc_column_text][vc_column_text]<div class=\"job_listings\" data-location=\"\" data-keywords=\"\" data-show_filters=\"false\" data-show_pagination=\"false\" data-per_page=\"5\" data-orderby=\"featured\" data-order=\"DESC\" data-categories=\"\" data-disable-form-state-storage=\"\" data-featured_first=\"false\" data-post_id=\"4053\" >\t<p class=\"no_job_listings_found\">There are currently no vacancies.<\/p>\n<dialog class=\"jm-dialog\" id=\"jm_add_alert_modal\">\n\t<div class=\"jm-dialog-open\">\n\t\t<div class=\"jm-dialog-backdrop\" onclick=\"jm_add_alert_modal.close()\"><\/div>\n\t\t<div class=\"jm-dialog-modal \" style=\"width: 500px;\">\n\t\t\t<div class=\"jm-dialog-modal-container\">\n\t\t\t\t<div class=\"jm-dialog-modal-content\">\n<div class=\"jm-notice has-actions has-header\" role=\"status\">\n\t\t\t<div class=\"jm-notice__header\">\n\t\t\t\t\t\t<div class=\"jm-notice__title\">Add Alert<\/div>\n\t\t<\/div>\n\t\t\t\t<div\n\t\t\tclass=\"jm-notice__message-wrap\">\n\t\t\t\t\t\t\t\t\t<div\n\t\t\t\tclass=\"jm-notice__message  \">Sign in or create an account to continue.<\/div>\n\t\t<\/div>\n\t\t\t\t\t<div class=\"jm-notice__footer\">\n\t\t\t<div class=\"jm-ui-actions-row\"><a class=\"jm-ui-button \" href=\"https:\/\/preprod-affichage.carrieresante.gouv.qc.ca\/gosecure\/wp-login.php?redirect_to=https%3A%2F%2Fpreprod-affichage.carrieresante.gouv.qc.ca%2Fgosecure%2F\"><span>Sign in<\/span><\/a><a class=\"jm-ui-button--outline \" href=\"https:\/\/preprod-affichage.carrieresante.gouv.qc.ca\/gosecure\/wp-login.php?action=register\"><span>Create Account<\/span><\/a><\/div>\t\t<\/div>\n\t<\/div>\n<\/div>\n\t\t\t\t<a href=\"#\" role=\"button\" class=\"jm-ui-button--icon jm-dialog-close\" onclick=\"jm_add_alert_modal.close();  event.preventDefault();\" aria-label=\"Close\"><span class=\"jm-ui-button__icon\"><\/span><\/a>\n\t\t\t<\/div>\n\t\t<\/div>\n\t<\/div>\n<\/dialog><\/div>[\/vc_column_text][\/vc_column][\/vc_row][\/vc_section][vc_row][vc_column][\/vc_column][\/vc_row][vc_section full_width=&#8221;stretch_row&#8221; css=&#8221;.vc_custom_1694379763104{margin: 0px !important;padding: 0px !important;}&#8221;][vc_row][vc_column][vc_column_text]\n<h1 style=\"text-align: center;\"><span style=\"font-family: Solway;\">Recherche<\/span><\/h1>\n[\/vc_column_text][vc_column_text]Le r\u00e9seau de la sant\u00e9, c\u2019est aussi la recherche pour stimuler l\u2019avancement des connaissances, des approches et des technologies ainsi qu\u2019\u00e0 int\u00e9grer une d\u00e9marche scientifique \u00e0 la pratique. En travaillant en recherche, vous faites \u00e9voluer les soins et les services offerts \u00e0 la population vers les meilleurs standards de qualit\u00e9 et de performance par le d\u00e9veloppement, le transfert et l\u2019appropriation de nouvelles connaissances.[\/vc_column_text][\/vc_column][\/vc_row][\/vc_section][vc_row][vc_column width=&#8221;1\/2&#8243;][vc_column_text]\n<ul>\n<li>\n<h3>Quatre centres de recherche<\/h3>\n<\/li>\n<\/ul>\n[\/vc_column_text][vc_column_text]\n<ul>\n<li>\n<h3>Quatre instituts universitaires<\/h3>\n<\/li>\n<\/ul>\n[\/vc_column_text][\/vc_column][vc_column width=&#8221;1\/2&#8243;][vc_column_text]\n<ul>\n<li>\n<h3>\u00c0 proximit\u00e9 de l\u2019Universit\u00e9 Laval<\/h3>\n<\/li>\n<\/ul>\n[\/vc_column_text][vc_column_text]\n<ul>\n<li>\n<h3>Expertise et innovation constante<\/h3>\n<\/li>\n<\/ul>\n[\/vc_column_text][\/vc_column][\/vc_row][vc_row][vc_column][vc_column_text]<a href=\"https:\/\/preprod-affichage.carrieresante.gouv.qc.ca\/gosecure\/liste-des-offres-demplois\" class=\"su-button su-button-style-flat\" style=\"color:#000000;background-color:#ffd400;border-color:#ccaa00;border-radius:0px\" target=\"_self\"><span style=\"color:#000000;padding:0px 30px;font-size:22px;line-height:44px;border-color:#ffe14d;border-radius:0px;text-shadow:none\"> Voir toutes les offres d&#8217;emploi<\/span><\/a>[\/vc_column_text][\/vc_column][\/vc_row]\n<\/div>","protected":false},"excerpt":{"rendered":"<p>[vc_row full_width=&#8221;stretch_row&#8221; css=&#8221;.vc_custom_1700765727305{margin-top: 0px !important;margin-right: 0px !important;margin-bottom: 0px !important;margin-left: 0px !important;padding-top: 0px !important;padding-right: 0px !important;padding-bottom: 0px !important;padding-left: 0px !important;}&#8221; el_class=&#8221;HeroNoPadding&#8221;][vc_column][vc_raw_html]JTNDZGl2JTIwY2xhc3MlM0QlMjJmdWxsLXdpZHRoLWRpdiUyMiUzRSUwQSUzQ2RpdiUyMGNsYXNzJTNEJTIyaW1hZ2UtY29udGFpbmVyJTIyJTIwJTNFJTBBJTNDYSUyMGhyZWYlM0QlMjJzb2lucy1pbmZpcm1pZXJzJTJGJTIyJTIwJTNFJTBBJTNDaW1nJTIwc3JjJTNEJTIyd3AtY29udGVudCUyRnVwbG9hZHMlMkYyMDIzJTJGMDglMkZwaG90by1zZXJ2aWNlLXNwZWNpYWxpc2Utc21hbGwtMS5qcGclMjIlM0UlMEElM0NkaXYlMjBjbGFzcyUzRCUyMnRleHQlMjIlM0UlMEFTb2lucyUyMGluZmlybWllciUwQSUzQyUyRmRpdiUzRSUwQSUzQyUyRmElM0UlMEElM0MlMkZkaXYlM0UlMEElMDklMEElM0NkaXYlMjBjbGFzcyUzRCUyMmltYWdlLWNvbnRhaW5lciUyMiUzRSUwQSUyMCUyMCUyMCUzQ2ElMjBocmVmJTNEJTIyYXNzaXN0YW5jZS1hLWxhLXBlcnNvbm5lLWV0LW1ldGllcnMlMkYlMjIlM0UlMEElMjAlMjAlMjAlMjAlMjAlMjAlM0NpbWclMjBzcmMlM0QlMjJ3cC1jb250ZW50JTJGdXBsb2FkcyUyRjIwMjMlMkYwOCUyRnBob3RvLXNvaW5zLXNtYWxsLTEuanBnJTIyJTNFJTBBJTIwJTIwJTIwJTIwJTIwJTIwJTNDZGl2JTIwY2xhc3MlM0QlMjJ0ZXh0JTIyJTNFJTBBJTIwJTIwJTIwJTIwJTIwJTIwJTIwJTIwJTIwQXNzaXN0YW5jZSUyMGV0JTIwbSVDMyVBOXRpZXJzJTBBJTIwJTIwJTIwJTIwJTIwJTIwJTNDJTJGZGl2JTNFJTBBJTIwJTIwJTIwJTNDJTJGYSUzRSUwQSUzQyUyRmRpdiUzRSUwQSUzQ2RpdiUyMGNsYXNzJTNEJTIyaW1hZ2UtY29udGFpbmVyJTIyJTNFJTBBJTIwJTIwJTIwJTNDYSUyMGhyZWYlM0QlMjJzZXJ2aWNlcy1zb2NpYXV4JTJGJTIyJTNFJTBBJTIwJTIwJTIwJTIwJTIwJTIwJTNDaW1nJTIwc3JjJTNEJTIyd3AtY29udGVudCUyRnVwbG9hZHMlMkYyMDIzJTJGMDglMkZwaG90by1zZXJ2aWNlcy1zbWFsbC0xLmpwZyUyMiUzRSUwQSUyMCUyMCUyMCUyMCUyMCUyMCUzQ2RpdiUyMGNsYXNzJTNEJTIydGV4dCUyMiUzRSUwQSUyMCUyMCUyMCUyMCUyMCUyMCUyMCUyMCUyMFNlcnZpY2VzJTIwc29jaWF1eCUwQSUyMCUyMCUyMCUyMCUyMCUyMCUzQyUyRmRpdiUzRSUwQSUyMCUyMCUyMCUzQyUyRmElM0UlMEElM0MlMkZkaXYlM0UlMEElM0NkaXYlMjBjbGFzcyUzRCUyMmltYWdlLWNvbnRhaW5lciUyMiUzRSUwQSUyMCUyMCUyMCUzQ2ElMjBocmVmJTNEJTIyYWRtaW5pc3RyYXRpb24tZXQtZ2VzdGlvbiUyRiUyMiUzRSUwQSUyMCUyMCUyMCUyMCUyMCUyMCUzQ2ltZyUyMHNyYyUzRCUyMndwLWNvbnRlbnQlMkZ1cGxvYWRzJTJGMjAyMyUyRjA4JTJGcGhvdG8tcmVhZGFwdGF0aW9uLXNtYWxsLTEuanBnJTIyJTNFJTBBJTIwJTIwJTIwJTIwJTIwJTIwJTNDZGl2JTIwY2xhc3MlM0QlMjJ0ZXh0JTIyJTNFJTBBJTIwJTIwJTIwJTIwJTIwJTIwJTIwJTIwJTIwQWRtaW5pc3RyYXRpb24lMkMlMjBUSSUyMGV0JTIwR2VzdGlvbiUwQSUyMCUyMCUyMCUyMCUyMCUyMCUzQyUyRmRpdiUzRSUwQSUyMCUyMCUyMCUzQyUyRmElM0UlMEElM0MlMkZkaXYlM0UlMEElM0NkaXYlMjBjbGFzcyUzRCUyMmltYWdlLWNvbnRhaW5lciUyMiUzRSUwQSUyMCUyMCUyMCUzQ2ElMjBocmVmJTNEJTIycmVhZGFwdGF0aW9uLXBoeXNpcXVlJTJGJTIyJTNFJTBBJTIwJTIwJTIwJTIwJTIwJTIwJTNDaW1nJTIwc3JjJTNEJTIyd3AtY29udGVudCUyRnVwbG9hZHMlMkYyMDIzJTJGMDglMkZwaG90by1waGFybWFjaWUtc21hbGwtMS5qcGclMjIlM0UlMEElMjAlMjAlMjAlMjAlMjAlMjAlM0NkaXYlMjBjbGFzcyUzRCUyMnRleHQlMjIlM0UlMEElMjAlMjAlMjAlMjAlMjAlMjAlMjAlMjAlMjBSJUMzJUE5YWRhcHRhdGlvbiUyMHBoeXNpcXVlJTBBJTIwJTIwJTIwJTIwJTIwJTIwJTNDJTJGZGl2JTNFJTBBJTIwJTIwJTIwJTNDJTJGYSUzRSUwQSUzQyUyRmRpdiUzRSUwQSUzQ2RpdiUyMGNsYXNzJTNEJTIyaW1hZ2UtY29udGFpbmVyJTIyJTNFJTBBJTIwJTIwJTIwJTNDYSUyMGhyZWYlM0QlMjJwaGFybWFjaWUlMkYlMjIlM0UlMEElMjAlMjAlMjAlMjAlMjAlMjAlM0NpbWclMjBzcmMlM0QlMjJ3cC1jb250ZW50JTJGdXBsb2FkcyUyRjIwMjMlMkYwOCUyRnBob3RvLWdlc3Rpb24tc21hbGwtMS5qcGclMjIlM0UlMEElMjAlMjAlMjAlMjAlMjAlMjAlM0NkaXYlMjBjbGFzcyUzRCUyMnRleHQlMjIlM0UlMEElMjAlMjAlMjAlMjAlMjAlMjAlMjAlMjAlMjBQaGFybWFjaWUlMEElMjAlMjAlMjAlMjAlMjAlMjAlM0MlMkZkaXYlM0UlMEElMjAlMjAlMjAlM0MlMkZhJTNFJTBBJTNDJTJGZGl2JTNFJTBBJTNDZGl2JTIwY2xhc3MlM0QlMjJpbWFnZS1jb250YWluZXIlMjIlM0UlMEElMjAlMjAlMjAlM0NhJTIwaHJlZiUzRCUyMmF1dHJlcy1wcm9mZXNzaW9ucyUyRiUyMiUzRSUwQSUyMCUyMCUyMCUyMCUyMCUyMCUzQ2ltZyUyMHNyYyUzRCUyMndwLWNvbnRlbnQlMkZ1cGxvYWRzJTJGMjAyMyUyRjA4JTJGcGhvdG8tYXNzaXN0YW5jZS1zbWFsbC0xLmpwZyUyMiUyMGNsYXNzJTNEJTIydGJfc2VsZWN0ZWRfaW1nJTIyJTIwd2lkdGglM0QlMjI0NDglMjIlMjBoZWlnaHQlM0QlMjI0NDglMjIlM0UlMEElMjAlMjAlMjAlMjAlMjAlMjAlM0NkaXYlMjBjbGFzcyUzRCUyMnRleHQlMjIlM0UlMEElMjAlMjAlMjAlMjAlMjAlMjAlMjAlMjAlMjBBdXRyZXMlMjBwcm9mZXNzaW9ucyUwQSUyMCUyMCUyMCUyMCUyMCUyMCUzQyUyRmRpdiUzRSUwQSUyMCUyMCUyMCUzQyUyRmElM0UlMEElM0MlMkZkaXYlM0UlMEElM0MlMkZkaXYlM0U=[\/vc_raw_html][\/vc_column][\/vc_row][vc_section][vc_row][vc_column][vc_column_text] Acc\u00e9der aux&#8230;<\/p>\n","protected":false},"author":1,"featured_media":0,"parent":0,"menu_order":0,"comment_status":"closed","ping_status":"closed","template":"","meta":{"footnotes":""},"class_list":["post-4053","page","type-page","status-publish","hentry"],"_links":{"self":[{"href":"https:\/\/preprod-affichage.carrieresante.gouv.qc.ca\/gosecure\/wp-json\/wp\/v2\/pages\/4053","targetHints":{"allow":["GET"]}}],"collection":[{"href":"https:\/\/preprod-affichage.carrieresante.gouv.qc.ca\/gosecure\/wp-json\/wp\/v2\/pages"}],"about":[{"href":"https:\/\/preprod-affichage.carrieresante.gouv.qc.ca\/gosecure\/wp-json\/wp\/v2\/types\/page"}],"author":[{"embeddable":true,"href":"https:\/\/preprod-affichage.carrieresante.gouv.qc.ca\/gosecure\/wp-json\/wp\/v2\/users\/1"}],"replies":[{"embeddable":true,"href":"https:\/\/preprod-affichage.carrieresante.gouv.qc.ca\/gosecure\/wp-json\/wp\/v2\/comments?post=4053"}],"version-history":[{"count":185,"href":"https:\/\/preprod-affichage.carrieresante.gouv.qc.ca\/gosecure\/wp-json\/wp\/v2\/pages\/4053\/revisions"}],"predecessor-version":[{"id":21704,"href":"https:\/\/preprod-affichage.carrieresante.gouv.qc.ca\/gosecure\/wp-json\/wp\/v2\/pages\/4053\/revisions\/21704"}],"wp:attachment":[{"href":"https:\/\/preprod-affichage.carrieresante.gouv.qc.ca\/gosecure\/wp-json\/wp\/v2\/media?parent=4053"}],"curies":[{"name":"wp","href":"https:\/\/api.w.org\/{rel}","templated":true}]}}