{"id":4834,"date":"2020-11-10T04:18:27","date_gmt":"2020-11-10T03:18:27","guid":{"rendered":"https:\/\/dotation514.makila.ai\/?page_id=4834"},"modified":"2023-09-10T17:24:08","modified_gmt":"2023-09-10T21:24:08","slug":"nous-joindre","status":"publish","type":"page","link":"https:\/\/preprod-affichage.carrieresante.gouv.qc.ca\/gosecure\/nous-joindre\/","title":{"rendered":"Nous joindre"},"content":{"rendered":"<div class=\"wpb-content-wrapper\">[vc_section css=&#8221;.vc_custom_1694381012537{margin: 0px !important;padding: 0px !important;}&#8221; ebor_docs=&#8221;&#8221;][vc_row full_width=&#8221;stretch_row&#8221; content_placement=&#8221;middle&#8221; css=&#8221;.vc_custom_1694381027835{margin: 0px !important;padding: 0px !important;}&#8221;][vc_column css=&#8221;.vc_custom_1694381042523{margin: 0px !important;padding: 0px !important;}&#8221;]\n\t\t\t<section class=\" imagebg height-30 text-center\" data-gradient-bg=\"#87CEEB\">\n\t\t\t\t<div class=\"background-image-holder\"><\/div>\n\t\t\t\t<div class=\"container pos-vertical-center\">\n\t\t\t\t\t<div class=\"row\">\n\t\t\t\t\t\t<div class=\"col-sm-12\">[vc_column_text]\n<h1 style=\"text-align: left;\">Besoin d&#8217;informations suppl\u00e9mentaires ?<\/h1>\n<p style=\"text-align: left;\"><span>Il nous fera plaisir de r\u00e9pondre \u00e0 tes questions, il est \u00e0 noter qu&#8217;aucune candidature ne sera accept\u00e9e par courriel. Pour envoyer ta candidature, tu dois\u00a0<\/span><a href=\"https:\/\/ciusss-cn-carriere-preprod.makila.ai\/Account\/Inscription\"><span>cr\u00e9er ton profil<\/span><\/a><span>. Merci!<\/span><\/p>\n[\/vc_column_text]<\/div>\n\t\t\t\t\t<\/div><!--end of row-->\n\t\t\t\t<\/div><!--end of container-->\n\t\t\t<\/section>\n\t\t[\/vc_column][\/vc_row][vc_row content_placement=&#8221;middle&#8221;][vc_column css=&#8221;.vc_custom_1602469209500{margin-top: 0px !important;margin-bottom: 0px !important;padding-top: 10px !important;padding-bottom: 10px !important;}&#8221;][vc_raw_html]Vm9zJTIwaW5mb3JtYXRpb25zJTNBJTBBJTVCY29udGFjdC1mb3JtLTclMjBpZCUzRCUyMjQ4ODElMjIlMjB0aXRsZSUzRCUyMkZvcm11bGFpcmUlMjBQYWdlJTIwY29udGFjdCUyMiU1RA==[\/vc_raw_html][\/vc_column][\/vc_row][\/vc_section]\n<\/div>","protected":false},"excerpt":{"rendered":"<p>[vc_section css=&#8221;.vc_custom_1694381012537{margin: 0px !important;padding: 0px !important;}&#8221; ebor_docs=&#8221;&#8221;][vc_row full_width=&#8221;stretch_row&#8221; content_placement=&#8221;middle&#8221; css=&#8221;.vc_custom_1694381027835{margin: 0px !important;padding: 0px !important;}&#8221;][vc_column css=&#8221;.vc_custom_1694381042523{margin: 0px !important;padding: 0px !important;}&#8221;][\/vc_column][\/vc_row][vc_row content_placement=&#8221;middle&#8221;][vc_column css=&#8221;.vc_custom_1602469209500{margin-top: 0px&#8230;<\/p>\n","protected":false},"author":1,"featured_media":0,"parent":0,"menu_order":0,"comment_status":"closed","ping_status":"closed","template":"","meta":{"footnotes":""},"class_list":["post-4834","page","type-page","status-publish","hentry"],"_links":{"self":[{"href":"https:\/\/preprod-affichage.carrieresante.gouv.qc.ca\/gosecure\/wp-json\/wp\/v2\/pages\/4834","targetHints":{"allow":["GET"]}}],"collection":[{"href":"https:\/\/preprod-affichage.carrieresante.gouv.qc.ca\/gosecure\/wp-json\/wp\/v2\/pages"}],"about":[{"href":"https:\/\/preprod-affichage.carrieresante.gouv.qc.ca\/gosecure\/wp-json\/wp\/v2\/types\/page"}],"author":[{"embeddable":true,"href":"https:\/\/preprod-affichage.carrieresante.gouv.qc.ca\/gosecure\/wp-json\/wp\/v2\/users\/1"}],"replies":[{"embeddable":true,"href":"https:\/\/preprod-affichage.carrieresante.gouv.qc.ca\/gosecure\/wp-json\/wp\/v2\/comments?post=4834"}],"version-history":[{"count":14,"href":"https:\/\/preprod-affichage.carrieresante.gouv.qc.ca\/gosecure\/wp-json\/wp\/v2\/pages\/4834\/revisions"}],"predecessor-version":[{"id":20609,"href":"https:\/\/preprod-affichage.carrieresante.gouv.qc.ca\/gosecure\/wp-json\/wp\/v2\/pages\/4834\/revisions\/20609"}],"wp:attachment":[{"href":"https:\/\/preprod-affichage.carrieresante.gouv.qc.ca\/gosecure\/wp-json\/wp\/v2\/media?parent=4834"}],"curies":[{"name":"wp","href":"https:\/\/api.w.org\/{rel}","templated":true}]}}